{"id":1228748,"date":"2026-05-02T01:30:51","date_gmt":"2026-05-01T22:30:51","guid":{"rendered":"https:\/\/ventspils.citro.lv\/veikals\/sokolades-tafele-blonde-white-pistachio-schogetten-100g\/"},"modified":"2026-05-02T01:30:57","modified_gmt":"2026-05-01T22:30:57","slug":"sokolades-tafele-blonde-white-pistachio-schogetten-100g","status":"publish","type":"product","link":"https:\/\/ventspils.citro.lv\/ru\/veikals\/sokolades-tafele-blonde-white-pistachio-schogetten-100g\/","title":{"rendered":"\u0160okol\u0101des t\u0101fele  blonde white pistachio Schogetten 100g"},"content":{"rendered":"<p>Cukurs, palmu tauki, PILNPIENA pulveris, kakao sviests, saldo s\u016bkalu pulveris (PIENS), 3,5% PIST\u0100CIJU RIEKSTI, kakao pasta, sald\u0101 KR\u0112JUMA pulveris,LAKTOZE, PIENA tauki,emulgators (lecit\u012bni (SOJA)),aromatiz\u0113t\u0101js<\/p>\n","protected":false},"excerpt":{"rendered":"<p>20.90 \u20ac\/kg<\/p>\n","protected":false},"featured_media":1255613,"template":"","meta":{"_acf_changed":false,"inline_featured_image":false},"product_cat":[547,125],"product_tag":[],"acf":[],"aioseo_notices":[],"_links":{"self":[{"href":"https:\/\/ventspils.citro.lv\/ru\/wp-json\/wp\/v2\/product\/1228748"}],"collection":[{"href":"https:\/\/ventspils.citro.lv\/ru\/wp-json\/wp\/v2\/product"}],"about":[{"href":"https:\/\/ventspils.citro.lv\/ru\/wp-json\/wp\/v2\/types\/product"}],"wp:featuredmedia":[{"embeddable":true,"href":"https:\/\/ventspils.citro.lv\/ru\/wp-json\/wp\/v2\/media\/1255613"}],"wp:attachment":[{"href":"https:\/\/ventspils.citro.lv\/ru\/wp-json\/wp\/v2\/media?parent=1228748"}],"wp:term":[{"taxonomy":"product_cat","embeddable":true,"href":"https:\/\/ventspils.citro.lv\/ru\/wp-json\/wp\/v2\/product_cat?post=1228748"},{"taxonomy":"product_tag","embeddable":true,"href":"https:\/\/ventspils.citro.lv\/ru\/wp-json\/wp\/v2\/product_tag?post=1228748"}],"curies":[{"name":"wp","href":"https:\/\/api.w.org\/{rel}","templated":true}]}}