{"id":1228746,"date":"2026-05-12T08:48:52","date_gmt":"2026-05-12T05:48:52","guid":{"rendered":"https:\/\/ventspils.citro.lv\/veikals\/konfektes-koslajamas-bazooka-juicy-drop-blasts-120g\/"},"modified":"2026-05-12T08:48:55","modified_gmt":"2026-05-12T05:48:55","slug":"konfektes-koslajamas-bazooka-juicy-drop-blasts-120g","status":"publish","type":"product","link":"https:\/\/ventspils.citro.lv\/ru\/veikals\/konfektes-koslajamas-bazooka-juicy-drop-blasts-120g\/","title":{"rendered":"Konfektes ko\u0161\u013c\u0101jamas Bazooka Juicy Drop Blasts 120g"},"content":{"rendered":"","protected":false},"excerpt":{"rendered":"<p>20.75 \u20ac\/kg<\/p>\n","protected":false},"featured_media":1260004,"template":"","meta":{"_acf_changed":false,"inline_featured_image":false},"product_cat":[533,125],"product_tag":[],"acf":[],"aioseo_notices":[],"_links":{"self":[{"href":"https:\/\/ventspils.citro.lv\/ru\/wp-json\/wp\/v2\/product\/1228746"}],"collection":[{"href":"https:\/\/ventspils.citro.lv\/ru\/wp-json\/wp\/v2\/product"}],"about":[{"href":"https:\/\/ventspils.citro.lv\/ru\/wp-json\/wp\/v2\/types\/product"}],"wp:featuredmedia":[{"embeddable":true,"href":"https:\/\/ventspils.citro.lv\/ru\/wp-json\/wp\/v2\/media\/1260004"}],"wp:attachment":[{"href":"https:\/\/ventspils.citro.lv\/ru\/wp-json\/wp\/v2\/media?parent=1228746"}],"wp:term":[{"taxonomy":"product_cat","embeddable":true,"href":"https:\/\/ventspils.citro.lv\/ru\/wp-json\/wp\/v2\/product_cat?post=1228746"},{"taxonomy":"product_tag","embeddable":true,"href":"https:\/\/ventspils.citro.lv\/ru\/wp-json\/wp\/v2\/product_tag?post=1228746"}],"curies":[{"name":"wp","href":"https:\/\/api.w.org\/{rel}","templated":true}]}}