{"id":1228742,"date":"2026-04-24T11:30:54","date_gmt":"2026-04-24T08:30:54","guid":{"rendered":"https:\/\/ventspils.citro.lv\/veikals\/teja-auglu-ar-persiku-un-citrona-garsu-loyd-2gx20tm\/"},"modified":"2026-04-24T11:31:03","modified_gmt":"2026-04-24T08:31:03","slug":"teja-auglu-ar-persiku-un-citrona-garsu-loyd-2gx20tm","status":"publish","type":"product","link":"https:\/\/ventspils.citro.lv\/ru\/veikals\/teja-auglu-ar-persiku-un-citrona-garsu-loyd-2gx20tm\/","title":{"rendered":"T\u0113ja aug\u013cu ar persiku un citrona gar\u0161u Loyd 2gx20tm"},"content":{"rendered":"","protected":false},"excerpt":{"rendered":"<p>49.75 \u20ac\/kg<\/p>\n","protected":false},"featured_media":1253329,"template":"","meta":{"_acf_changed":false,"inline_featured_image":false},"product_cat":[142,143],"product_tag":[],"acf":[],"aioseo_notices":[],"_links":{"self":[{"href":"https:\/\/ventspils.citro.lv\/ru\/wp-json\/wp\/v2\/product\/1228742"}],"collection":[{"href":"https:\/\/ventspils.citro.lv\/ru\/wp-json\/wp\/v2\/product"}],"about":[{"href":"https:\/\/ventspils.citro.lv\/ru\/wp-json\/wp\/v2\/types\/product"}],"wp:featuredmedia":[{"embeddable":true,"href":"https:\/\/ventspils.citro.lv\/ru\/wp-json\/wp\/v2\/media\/1253329"}],"wp:attachment":[{"href":"https:\/\/ventspils.citro.lv\/ru\/wp-json\/wp\/v2\/media?parent=1228742"}],"wp:term":[{"taxonomy":"product_cat","embeddable":true,"href":"https:\/\/ventspils.citro.lv\/ru\/wp-json\/wp\/v2\/product_cat?post=1228742"},{"taxonomy":"product_tag","embeddable":true,"href":"https:\/\/ventspils.citro.lv\/ru\/wp-json\/wp\/v2\/product_tag?post=1228742"}],"curies":[{"name":"wp","href":"https:\/\/api.w.org\/{rel}","templated":true}]}}