{"id":1228741,"date":"2026-04-24T11:30:54","date_gmt":"2026-04-24T08:30:54","guid":{"rendered":"https:\/\/ventspils.citro.lv\/veikals\/teja-melna-zala-loyd-moonlight-garden-1-75gx20tm\/"},"modified":"2026-04-24T11:30:58","modified_gmt":"2026-04-24T08:30:58","slug":"teja-melna-zala-loyd-moonlight-garden-1-75gx20tm","status":"publish","type":"product","link":"https:\/\/ventspils.citro.lv\/ru\/veikals\/teja-melna-zala-loyd-moonlight-garden-1-75gx20tm\/","title":{"rendered":"T\u0113ja meln\u0101 za\u013c\u0101 Loyd Moonlight Garden 1.75gx20tm"},"content":{"rendered":"","protected":false},"excerpt":{"rendered":"<p>56.86 \u20ac\/kg<\/p>\n","protected":false},"featured_media":1253328,"template":"","meta":{"_acf_changed":false,"inline_featured_image":false},"product_cat":[142,143],"product_tag":[],"acf":[],"aioseo_notices":[],"_links":{"self":[{"href":"https:\/\/ventspils.citro.lv\/ru\/wp-json\/wp\/v2\/product\/1228741"}],"collection":[{"href":"https:\/\/ventspils.citro.lv\/ru\/wp-json\/wp\/v2\/product"}],"about":[{"href":"https:\/\/ventspils.citro.lv\/ru\/wp-json\/wp\/v2\/types\/product"}],"wp:featuredmedia":[{"embeddable":true,"href":"https:\/\/ventspils.citro.lv\/ru\/wp-json\/wp\/v2\/media\/1253328"}],"wp:attachment":[{"href":"https:\/\/ventspils.citro.lv\/ru\/wp-json\/wp\/v2\/media?parent=1228741"}],"wp:term":[{"taxonomy":"product_cat","embeddable":true,"href":"https:\/\/ventspils.citro.lv\/ru\/wp-json\/wp\/v2\/product_cat?post=1228741"},{"taxonomy":"product_tag","embeddable":true,"href":"https:\/\/ventspils.citro.lv\/ru\/wp-json\/wp\/v2\/product_tag?post=1228741"}],"curies":[{"name":"wp","href":"https:\/\/api.w.org\/{rel}","templated":true}]}}