{"id":1228739,"date":"2026-03-25T08:33:02","date_gmt":"2026-03-25T06:33:02","guid":{"rendered":"https:\/\/ventspils.citro.lv\/veikals\/baklazanu-delikatese-muizkungu-490g\/"},"modified":"2026-03-25T08:33:07","modified_gmt":"2026-03-25T06:33:07","slug":"baklazanu-delikatese-muizkungu-490g","status":"publish","type":"product","link":"https:\/\/ventspils.citro.lv\/ru\/veikals\/baklazanu-delikatese-muizkungu-490g\/","title":{"rendered":"Bakla\u017e\u0101nu Delikatese Mui\u017ekungu 490g"},"content":{"rendered":"","protected":false},"excerpt":{"rendered":"<p>7.04 \u20ac\/kg<\/p>\n","protected":false},"featured_media":1232678,"template":"","meta":{"_acf_changed":false,"inline_featured_image":false},"product_cat":[103,137],"product_tag":[],"acf":[],"aioseo_notices":[],"_links":{"self":[{"href":"https:\/\/ventspils.citro.lv\/ru\/wp-json\/wp\/v2\/product\/1228739"}],"collection":[{"href":"https:\/\/ventspils.citro.lv\/ru\/wp-json\/wp\/v2\/product"}],"about":[{"href":"https:\/\/ventspils.citro.lv\/ru\/wp-json\/wp\/v2\/types\/product"}],"wp:featuredmedia":[{"embeddable":true,"href":"https:\/\/ventspils.citro.lv\/ru\/wp-json\/wp\/v2\/media\/1232678"}],"wp:attachment":[{"href":"https:\/\/ventspils.citro.lv\/ru\/wp-json\/wp\/v2\/media?parent=1228739"}],"wp:term":[{"taxonomy":"product_cat","embeddable":true,"href":"https:\/\/ventspils.citro.lv\/ru\/wp-json\/wp\/v2\/product_cat?post=1228739"},{"taxonomy":"product_tag","embeddable":true,"href":"https:\/\/ventspils.citro.lv\/ru\/wp-json\/wp\/v2\/product_tag?post=1228739"}],"curies":[{"name":"wp","href":"https:\/\/api.w.org\/{rel}","templated":true}]}}