{"id":1228732,"date":"2026-03-25T08:30:13","date_gmt":"2026-03-25T06:30:13","guid":{"rendered":"https:\/\/ventspils.citro.lv\/veikals\/kabacisi-marineti-muizkungu-660g-350g\/"},"modified":"2026-04-02T10:38:16","modified_gmt":"2026-04-02T07:38:16","slug":"kabacisi-marineti-muizkungu-660g-350g","status":"publish","type":"product","link":"https:\/\/ventspils.citro.lv\/ru\/veikals\/kabacisi-marineti-muizkungu-660g-350g\/","title":{"rendered":"Kabac\u012b\u0161i marin\u0113ti Mui\u017ekungu  660g\/350g"},"content":{"rendered":"","protected":false},"excerpt":{"rendered":"<p>4.08 \u20ac\/kg<\/p>\n","protected":false},"featured_media":1232669,"template":"","meta":{"_acf_changed":false,"inline_featured_image":false},"product_cat":[103,137],"product_tag":[],"acf":[],"aioseo_notices":[],"_links":{"self":[{"href":"https:\/\/ventspils.citro.lv\/ru\/wp-json\/wp\/v2\/product\/1228732"}],"collection":[{"href":"https:\/\/ventspils.citro.lv\/ru\/wp-json\/wp\/v2\/product"}],"about":[{"href":"https:\/\/ventspils.citro.lv\/ru\/wp-json\/wp\/v2\/types\/product"}],"wp:featuredmedia":[{"embeddable":true,"href":"https:\/\/ventspils.citro.lv\/ru\/wp-json\/wp\/v2\/media\/1232669"}],"wp:attachment":[{"href":"https:\/\/ventspils.citro.lv\/ru\/wp-json\/wp\/v2\/media?parent=1228732"}],"wp:term":[{"taxonomy":"product_cat","embeddable":true,"href":"https:\/\/ventspils.citro.lv\/ru\/wp-json\/wp\/v2\/product_cat?post=1228732"},{"taxonomy":"product_tag","embeddable":true,"href":"https:\/\/ventspils.citro.lv\/ru\/wp-json\/wp\/v2\/product_tag?post=1228732"}],"curies":[{"name":"wp","href":"https:\/\/api.w.org\/{rel}","templated":true}]}}