{"id":1228718,"date":"2026-04-10T09:51:26","date_gmt":"2026-04-10T06:51:26","guid":{"rendered":"https:\/\/ventspils.citro.lv\/veikals\/melnas-olivas-bez-kauliniem-314ml\/"},"modified":"2026-04-10T09:51:35","modified_gmt":"2026-04-10T06:51:35","slug":"melnas-olivas-bez-kauliniem-314ml","status":"publish","type":"product","link":"https:\/\/ventspils.citro.lv\/ru\/veikals\/melnas-olivas-bez-kauliniem-314ml\/","title":{"rendered":"Meln\u0101s ol\u012bvas bez kauli\u0146iem 314ml"},"content":{"rendered":"<p>\u016adens, meln\u0101s ol\u012bves, s\u0101ls, stabiliz\u0113t\u0101js: dzelzs glikon\u0101ts<\/p>\n","protected":false},"excerpt":{"rendered":"<p>8.25 \u20ac\/l<\/p>\n","protected":false},"featured_media":1244258,"template":"","meta":{"_acf_changed":false,"inline_featured_image":false},"product_cat":[572,103],"product_tag":[],"acf":[],"aioseo_notices":[],"_links":{"self":[{"href":"https:\/\/ventspils.citro.lv\/ru\/wp-json\/wp\/v2\/product\/1228718"}],"collection":[{"href":"https:\/\/ventspils.citro.lv\/ru\/wp-json\/wp\/v2\/product"}],"about":[{"href":"https:\/\/ventspils.citro.lv\/ru\/wp-json\/wp\/v2\/types\/product"}],"wp:featuredmedia":[{"embeddable":true,"href":"https:\/\/ventspils.citro.lv\/ru\/wp-json\/wp\/v2\/media\/1244258"}],"wp:attachment":[{"href":"https:\/\/ventspils.citro.lv\/ru\/wp-json\/wp\/v2\/media?parent=1228718"}],"wp:term":[{"taxonomy":"product_cat","embeddable":true,"href":"https:\/\/ventspils.citro.lv\/ru\/wp-json\/wp\/v2\/product_cat?post=1228718"},{"taxonomy":"product_tag","embeddable":true,"href":"https:\/\/ventspils.citro.lv\/ru\/wp-json\/wp\/v2\/product_tag?post=1228718"}],"curies":[{"name":"wp","href":"https:\/\/api.w.org\/{rel}","templated":true}]}}