{"id":1228717,"date":"2026-03-28T02:39:51","date_gmt":"2026-03-28T00:39:51","guid":{"rendered":"https:\/\/ventspils.citro.lv\/veikals\/konfektes-koslajamas-mamba-tropics-4-paka-106g\/"},"modified":"2026-03-28T02:39:57","modified_gmt":"2026-03-28T00:39:57","slug":"konfektes-koslajamas-mamba-tropics-4-paka-106g","status":"publish","type":"product","link":"https:\/\/ventspils.citro.lv\/ru\/veikals\/konfektes-koslajamas-mamba-tropics-4-paka-106g\/","title":{"rendered":"Konfektes ko\u0161\u013c\u0101jamas Mamba Tropics 4-paka 106g"},"content":{"rendered":"","protected":false},"excerpt":{"rendered":"<p>16.51 \u20ac\/kg<\/p>\n","protected":false},"featured_media":1237499,"template":"","meta":{"_acf_changed":false,"inline_featured_image":false},"product_cat":[533,125],"product_tag":[],"acf":[],"aioseo_notices":[],"_links":{"self":[{"href":"https:\/\/ventspils.citro.lv\/ru\/wp-json\/wp\/v2\/product\/1228717"}],"collection":[{"href":"https:\/\/ventspils.citro.lv\/ru\/wp-json\/wp\/v2\/product"}],"about":[{"href":"https:\/\/ventspils.citro.lv\/ru\/wp-json\/wp\/v2\/types\/product"}],"wp:featuredmedia":[{"embeddable":true,"href":"https:\/\/ventspils.citro.lv\/ru\/wp-json\/wp\/v2\/media\/1237499"}],"wp:attachment":[{"href":"https:\/\/ventspils.citro.lv\/ru\/wp-json\/wp\/v2\/media?parent=1228717"}],"wp:term":[{"taxonomy":"product_cat","embeddable":true,"href":"https:\/\/ventspils.citro.lv\/ru\/wp-json\/wp\/v2\/product_cat?post=1228717"},{"taxonomy":"product_tag","embeddable":true,"href":"https:\/\/ventspils.citro.lv\/ru\/wp-json\/wp\/v2\/product_tag?post=1228717"}],"curies":[{"name":"wp","href":"https:\/\/api.w.org\/{rel}","templated":true}]}}