{"id":1228706,"date":"2026-05-12T08:37:01","date_gmt":"2026-05-12T05:37:01","guid":{"rendered":"https:\/\/ventspils.citro.lv\/veikals\/bariba-kakiem-ar-zivs-un-vistas-galu-merce-wise-cat-4-x-100g\/"},"modified":"2026-05-12T08:37:05","modified_gmt":"2026-05-12T05:37:05","slug":"bariba-kakiem-ar-zivs-un-vistas-galu-merce-wise-cat-4-x-100g","status":"publish","type":"product","link":"https:\/\/ventspils.citro.lv\/ru\/veikals\/bariba-kakiem-ar-zivs-un-vistas-galu-merce-wise-cat-4-x-100g\/","title":{"rendered":"Bar\u012bba ka\u0137iem ar zivs un vistas ga\u013cu m\u0113rc\u0113 Wise Cat 4 x 100g"},"content":{"rendered":"","protected":false},"excerpt":{"rendered":"<p>3.23 \u20ac\/kg<\/p>\n","protected":false},"featured_media":1259956,"template":"","meta":{"_acf_changed":false,"inline_featured_image":false},"product_cat":[153,171],"product_tag":[],"acf":[],"aioseo_notices":[],"_links":{"self":[{"href":"https:\/\/ventspils.citro.lv\/ru\/wp-json\/wp\/v2\/product\/1228706"}],"collection":[{"href":"https:\/\/ventspils.citro.lv\/ru\/wp-json\/wp\/v2\/product"}],"about":[{"href":"https:\/\/ventspils.citro.lv\/ru\/wp-json\/wp\/v2\/types\/product"}],"wp:featuredmedia":[{"embeddable":true,"href":"https:\/\/ventspils.citro.lv\/ru\/wp-json\/wp\/v2\/media\/1259956"}],"wp:attachment":[{"href":"https:\/\/ventspils.citro.lv\/ru\/wp-json\/wp\/v2\/media?parent=1228706"}],"wp:term":[{"taxonomy":"product_cat","embeddable":true,"href":"https:\/\/ventspils.citro.lv\/ru\/wp-json\/wp\/v2\/product_cat?post=1228706"},{"taxonomy":"product_tag","embeddable":true,"href":"https:\/\/ventspils.citro.lv\/ru\/wp-json\/wp\/v2\/product_tag?post=1228706"}],"curies":[{"name":"wp","href":"https:\/\/api.w.org\/{rel}","templated":true}]}}