{"id":1228697,"date":"2026-04-08T06:15:37","date_gmt":"2026-04-08T03:15:37","guid":{"rendered":"https:\/\/ventspils.citro.lv\/veikals\/moomin-koslajamas-auglu-konfektes-40g\/"},"modified":"2026-04-08T06:15:51","modified_gmt":"2026-04-08T03:15:51","slug":"moomin-koslajamas-auglu-konfektes-40g","status":"publish","type":"product","link":"https:\/\/ventspils.citro.lv\/ru\/veikals\/moomin-koslajamas-auglu-konfektes-40g\/","title":{"rendered":"Moomin ko\u0161\u013c\u0101jam\u0101s aug\u013cu konfektes 40g"},"content":{"rendered":"<p>cukurs, glikozes s\u012brups, KVIE\u0160U ciete, modific\u0113ta kartupe\u013cu ciete, sk\u0101buma regul\u0113t\u0101ji (piensk\u0101be, n\u0101trija lakt\u0101ts), kr\u0101svielas (\u0137irbju, burk\u0101nu, \u0101bolu un upe\u0146u koncentr\u0101ts), dab\u012bgas gar\u0161as, glaz\u016bra (karnaubas vasks).<\/p>\n","protected":false},"excerpt":{"rendered":"<p>24.75 \u20ac\/kg<\/p>\n","protected":false},"featured_media":1241363,"template":"","meta":{"_acf_changed":false,"inline_featured_image":false},"product_cat":[533,125],"product_tag":[],"acf":[],"aioseo_notices":[],"_links":{"self":[{"href":"https:\/\/ventspils.citro.lv\/ru\/wp-json\/wp\/v2\/product\/1228697"}],"collection":[{"href":"https:\/\/ventspils.citro.lv\/ru\/wp-json\/wp\/v2\/product"}],"about":[{"href":"https:\/\/ventspils.citro.lv\/ru\/wp-json\/wp\/v2\/types\/product"}],"wp:featuredmedia":[{"embeddable":true,"href":"https:\/\/ventspils.citro.lv\/ru\/wp-json\/wp\/v2\/media\/1241363"}],"wp:attachment":[{"href":"https:\/\/ventspils.citro.lv\/ru\/wp-json\/wp\/v2\/media?parent=1228697"}],"wp:term":[{"taxonomy":"product_cat","embeddable":true,"href":"https:\/\/ventspils.citro.lv\/ru\/wp-json\/wp\/v2\/product_cat?post=1228697"},{"taxonomy":"product_tag","embeddable":true,"href":"https:\/\/ventspils.citro.lv\/ru\/wp-json\/wp\/v2\/product_tag?post=1228697"}],"curies":[{"name":"wp","href":"https:\/\/api.w.org\/{rel}","templated":true}]}}