{"id":1228693,"date":"2026-04-24T11:09:14","date_gmt":"2026-04-24T08:09:14","guid":{"rendered":"https:\/\/ventspils.citro.lv\/veikals\/konfektes-zelejas-minipixi-pineapple-spongebob-4d-125g\/"},"modified":"2026-04-24T11:09:24","modified_gmt":"2026-04-24T08:09:24","slug":"konfektes-zelejas-minipixi-pineapple-spongebob-4d-125g","status":"publish","type":"product","link":"https:\/\/ventspils.citro.lv\/ru\/veikals\/konfektes-zelejas-minipixi-pineapple-spongebob-4d-125g\/","title":{"rendered":"Konfektes \u017eelejas MiniPixi Pineapple SpongeBob 4D 125g"},"content":{"rendered":"<p>Sast\u0101vda\u013cas: kukur\u016bzas iesala s\u012brups, cukurs, glikozes s\u012brups, \u016bdens, kokosriekstu e\u013c\u013ca, koncentr\u0113tas aug\u013cu sulas (\u0101bolu,  ananasu 1%), \u017eelat\u012bns, recin\u0101t\u0101js: E 440, sk\u0101buma regul\u0113t\u0101js: E 330, stabiliz\u0113t\u0101js: E 331, konservanti: (E 296, E 270), kr\u0101svielas: (E 162, E 132), dab\u012bgs ananasu aromatiz\u0113t\u0101js, glaz\u0113t\u0101jviela: E 903.<\/p>\n","protected":false},"excerpt":{"rendered":"<p>13.52 \u20ac\/kg<\/p>\n","protected":false},"featured_media":1253237,"template":"","meta":{"_acf_changed":false,"inline_featured_image":false},"product_cat":[533,125],"product_tag":[],"acf":[],"aioseo_notices":[],"_links":{"self":[{"href":"https:\/\/ventspils.citro.lv\/ru\/wp-json\/wp\/v2\/product\/1228693"}],"collection":[{"href":"https:\/\/ventspils.citro.lv\/ru\/wp-json\/wp\/v2\/product"}],"about":[{"href":"https:\/\/ventspils.citro.lv\/ru\/wp-json\/wp\/v2\/types\/product"}],"wp:featuredmedia":[{"embeddable":true,"href":"https:\/\/ventspils.citro.lv\/ru\/wp-json\/wp\/v2\/media\/1253237"}],"wp:attachment":[{"href":"https:\/\/ventspils.citro.lv\/ru\/wp-json\/wp\/v2\/media?parent=1228693"}],"wp:term":[{"taxonomy":"product_cat","embeddable":true,"href":"https:\/\/ventspils.citro.lv\/ru\/wp-json\/wp\/v2\/product_cat?post=1228693"},{"taxonomy":"product_tag","embeddable":true,"href":"https:\/\/ventspils.citro.lv\/ru\/wp-json\/wp\/v2\/product_tag?post=1228693"}],"curies":[{"name":"wp","href":"https:\/\/api.w.org\/{rel}","templated":true}]}}