{"id":1228691,"date":"2026-04-20T01:24:03","date_gmt":"2026-04-19T22:24:03","guid":{"rendered":"https:\/\/ventspils.citro.lv\/veikals\/konfektes-zelejas-tutti-frutti-ar-melones-garsu-90g\/"},"modified":"2026-04-20T01:24:11","modified_gmt":"2026-04-19T22:24:11","slug":"konfektes-zelejas-tutti-frutti-ar-melones-garsu-90g","status":"publish","type":"product","link":"https:\/\/ventspils.citro.lv\/ru\/veikals\/konfektes-zelejas-tutti-frutti-ar-melones-garsu-90g\/","title":{"rendered":"Konfektes \u017eelejas Tutti Frutti ar melones gar\u0161u 90g"},"content":{"rendered":"<p>cukurs, glikozes s\u012brups, KVIE\u0160U ciete, modific\u0113ta kartupe\u013cu ciete, sk\u0101buma regul\u0113t\u0101ji (E270, E330, E325), kukur\u016bzas ciete, p\u0101rtikas kr\u0101svielas (\u0137irbju, burk\u0101nu, red\u012bsu un \u0101bolu koncentr\u0101ts), piln\u012bgi hidrogen\u0113ti augu tauki (rap\u0161u, saulespu\u0137u), dab\u012bgais aromatiz\u0113t\u0101js.<\/p>\n","protected":false},"excerpt":{"rendered":"<p>13.22 \u20ac\/kg<\/p>\n","protected":false},"featured_media":1247464,"template":"","meta":{"_acf_changed":false,"inline_featured_image":false},"product_cat":[533,125],"product_tag":[],"acf":[],"aioseo_notices":[],"_links":{"self":[{"href":"https:\/\/ventspils.citro.lv\/ru\/wp-json\/wp\/v2\/product\/1228691"}],"collection":[{"href":"https:\/\/ventspils.citro.lv\/ru\/wp-json\/wp\/v2\/product"}],"about":[{"href":"https:\/\/ventspils.citro.lv\/ru\/wp-json\/wp\/v2\/types\/product"}],"wp:featuredmedia":[{"embeddable":true,"href":"https:\/\/ventspils.citro.lv\/ru\/wp-json\/wp\/v2\/media\/1247464"}],"wp:attachment":[{"href":"https:\/\/ventspils.citro.lv\/ru\/wp-json\/wp\/v2\/media?parent=1228691"}],"wp:term":[{"taxonomy":"product_cat","embeddable":true,"href":"https:\/\/ventspils.citro.lv\/ru\/wp-json\/wp\/v2\/product_cat?post=1228691"},{"taxonomy":"product_tag","embeddable":true,"href":"https:\/\/ventspils.citro.lv\/ru\/wp-json\/wp\/v2\/product_tag?post=1228691"}],"curies":[{"name":"wp","href":"https:\/\/api.w.org\/{rel}","templated":true}]}}