{"id":1228685,"date":"2026-03-25T08:09:34","date_gmt":"2026-03-25T06:09:34","guid":{"rendered":"https:\/\/ventspils.citro.lv\/veikals\/energijas-dzeriens-lucky-punch-0-33l-skard\/"},"modified":"2026-04-29T14:32:41","modified_gmt":"2026-04-29T11:32:41","slug":"energijas-dzeriens-lucky-punch-0-33l-skard","status":"publish","type":"product","link":"https:\/\/ventspils.citro.lv\/ru\/veikals\/energijas-dzeriens-lucky-punch-0-33l-skard\/","title":{"rendered":"Ener\u0123ijas dz\u0113riens Lucky Punch 0.33l sk\u0101rd."},"content":{"rendered":"<p>\u016bdens, cukurs, sk\u0101be: citronsk\u0101be, oglek\u013ca dioks\u012bds, taur\u012bns (0,4%), sk\u0101buma regul\u0113t\u0101js: n\u0101trija citr\u0101ts aromatiz\u0113t\u0101js, kofe\u012bns (0,032%), kr\u0101svielas: E150c, E101, vitam\u012bni: niac\u012bns, pantot\u0113nsk\u0101be, B6, B12<\/p>\n","protected":false},"excerpt":{"rendered":"<p>4.52 \u20ac\/l<\/p>\n","protected":false},"featured_media":1232586,"template":"","meta":{"_acf_changed":false,"inline_featured_image":false},"product_cat":[106,217],"product_tag":[],"acf":[],"aioseo_notices":[],"_links":{"self":[{"href":"https:\/\/ventspils.citro.lv\/ru\/wp-json\/wp\/v2\/product\/1228685"}],"collection":[{"href":"https:\/\/ventspils.citro.lv\/ru\/wp-json\/wp\/v2\/product"}],"about":[{"href":"https:\/\/ventspils.citro.lv\/ru\/wp-json\/wp\/v2\/types\/product"}],"wp:featuredmedia":[{"embeddable":true,"href":"https:\/\/ventspils.citro.lv\/ru\/wp-json\/wp\/v2\/media\/1232586"}],"wp:attachment":[{"href":"https:\/\/ventspils.citro.lv\/ru\/wp-json\/wp\/v2\/media?parent=1228685"}],"wp:term":[{"taxonomy":"product_cat","embeddable":true,"href":"https:\/\/ventspils.citro.lv\/ru\/wp-json\/wp\/v2\/product_cat?post=1228685"},{"taxonomy":"product_tag","embeddable":true,"href":"https:\/\/ventspils.citro.lv\/ru\/wp-json\/wp\/v2\/product_tag?post=1228685"}],"curies":[{"name":"wp","href":"https:\/\/api.w.org\/{rel}","templated":true}]}}