{"id":1228684,"date":"2026-04-24T11:06:13","date_gmt":"2026-04-24T08:06:13","guid":{"rendered":"https:\/\/ventspils.citro.lv\/veikals\/skabu-kapostu-borscs-doy-pack-530g\/"},"modified":"2026-04-28T23:11:12","modified_gmt":"2026-04-28T20:11:12","slug":"skabu-kapostu-borscs-doy-pack-530g","status":"publish","type":"product","link":"https:\/\/ventspils.citro.lv\/ru\/veikals\/skabu-kapostu-borscs-doy-pack-530g\/","title":{"rendered":"Sk\u0101bu k\u0101postu bor\u0161\u010ds DOY pack 530g"},"content":{"rendered":"","protected":false},"excerpt":{"rendered":"<p>4.43 \u20ac\/kg<\/p>\n","protected":false},"featured_media":1253225,"template":"","meta":{"_acf_changed":false,"inline_featured_image":false},"product_cat":[103,137],"product_tag":[],"acf":[],"aioseo_notices":[],"_links":{"self":[{"href":"https:\/\/ventspils.citro.lv\/ru\/wp-json\/wp\/v2\/product\/1228684"}],"collection":[{"href":"https:\/\/ventspils.citro.lv\/ru\/wp-json\/wp\/v2\/product"}],"about":[{"href":"https:\/\/ventspils.citro.lv\/ru\/wp-json\/wp\/v2\/types\/product"}],"wp:featuredmedia":[{"embeddable":true,"href":"https:\/\/ventspils.citro.lv\/ru\/wp-json\/wp\/v2\/media\/1253225"}],"wp:attachment":[{"href":"https:\/\/ventspils.citro.lv\/ru\/wp-json\/wp\/v2\/media?parent=1228684"}],"wp:term":[{"taxonomy":"product_cat","embeddable":true,"href":"https:\/\/ventspils.citro.lv\/ru\/wp-json\/wp\/v2\/product_cat?post=1228684"},{"taxonomy":"product_tag","embeddable":true,"href":"https:\/\/ventspils.citro.lv\/ru\/wp-json\/wp\/v2\/product_tag?post=1228684"}],"curies":[{"name":"wp","href":"https:\/\/api.w.org\/{rel}","templated":true}]}}