{"id":1228682,"date":"2026-04-24T11:03:25","date_gmt":"2026-04-24T08:03:25","guid":{"rendered":"https:\/\/ventspils.citro.lv\/veikals\/kaperi-marineti-franko-180-g-212ml\/"},"modified":"2026-04-26T12:20:38","modified_gmt":"2026-04-26T09:20:38","slug":"kaperi-marineti-franko-180-g-212ml","status":"publish","type":"product","link":"https:\/\/ventspils.citro.lv\/ru\/veikals\/kaperi-marineti-franko-180-g-212ml\/","title":{"rendered":"Kaperi marin\u0113ti Franko 180 g\/212ml"},"content":{"rendered":"<p>Kaperi, dzeramais \u016bdens, baltv\u012bna eti\u0137is (v\u012bns, antioksidants \u2013 s\u0113ra dioks\u012bds), s\u0101ls, sk\u0101buma regul\u0113t\u0101js \u2013 citronsk\u0101be, antioksidants \u2013 L-askorb\u012bnsk\u0101be.<\/p>\n","protected":false},"excerpt":{"rendered":"<p>10.28 \u20ac\/kg<\/p>\n","protected":false},"featured_media":0,"template":"","meta":{"_acf_changed":false,"inline_featured_image":false},"product_cat":[103,137],"product_tag":[],"acf":[],"aioseo_notices":[],"_links":{"self":[{"href":"https:\/\/ventspils.citro.lv\/ru\/wp-json\/wp\/v2\/product\/1228682"}],"collection":[{"href":"https:\/\/ventspils.citro.lv\/ru\/wp-json\/wp\/v2\/product"}],"about":[{"href":"https:\/\/ventspils.citro.lv\/ru\/wp-json\/wp\/v2\/types\/product"}],"wp:attachment":[{"href":"https:\/\/ventspils.citro.lv\/ru\/wp-json\/wp\/v2\/media?parent=1228682"}],"wp:term":[{"taxonomy":"product_cat","embeddable":true,"href":"https:\/\/ventspils.citro.lv\/ru\/wp-json\/wp\/v2\/product_cat?post=1228682"},{"taxonomy":"product_tag","embeddable":true,"href":"https:\/\/ventspils.citro.lv\/ru\/wp-json\/wp\/v2\/product_tag?post=1228682"}],"curies":[{"name":"wp","href":"https:\/\/api.w.org\/{rel}","templated":true}]}}