{"id":1228681,"date":"2026-04-15T01:43:00","date_gmt":"2026-04-14T22:43:00","guid":{"rendered":"https:\/\/ventspils.citro.lv\/veikals\/tomati-saule-kalteti-ella-280-g-314ml\/"},"modified":"2026-04-15T01:43:09","modified_gmt":"2026-04-14T22:43:09","slug":"tomati-saule-kalteti-ella-280-g-314ml","status":"publish","type":"product","link":"https:\/\/ventspils.citro.lv\/ru\/veikals\/tomati-saule-kalteti-ella-280-g-314ml\/","title":{"rendered":"Tom\u0101ti saul\u0113 kalt\u0113ti e\u013c\u013c\u0101 280 g\/314ml"},"content":{"rendered":"<p>Saul\u0113 kalt\u0113ti tom\u0101ti, saulespu\u0137u e\u013c\u013ca, v\u012bna eti\u0137is, s\u0101ls, gar\u0161vielas, sk\u0101buma regul\u0113t\u0101js: citronsk\u0101be, antioksidants: askorb\u012bnsk\u0101be.<\/p>\n","protected":false},"excerpt":{"rendered":"<p>10.54 \u20ac\/kg<\/p>\n","protected":false},"featured_media":0,"template":"","meta":{"_acf_changed":false,"inline_featured_image":false},"product_cat":[103,137],"product_tag":[],"acf":[],"aioseo_notices":[],"_links":{"self":[{"href":"https:\/\/ventspils.citro.lv\/ru\/wp-json\/wp\/v2\/product\/1228681"}],"collection":[{"href":"https:\/\/ventspils.citro.lv\/ru\/wp-json\/wp\/v2\/product"}],"about":[{"href":"https:\/\/ventspils.citro.lv\/ru\/wp-json\/wp\/v2\/types\/product"}],"wp:attachment":[{"href":"https:\/\/ventspils.citro.lv\/ru\/wp-json\/wp\/v2\/media?parent=1228681"}],"wp:term":[{"taxonomy":"product_cat","embeddable":true,"href":"https:\/\/ventspils.citro.lv\/ru\/wp-json\/wp\/v2\/product_cat?post=1228681"},{"taxonomy":"product_tag","embeddable":true,"href":"https:\/\/ventspils.citro.lv\/ru\/wp-json\/wp\/v2\/product_tag?post=1228681"}],"curies":[{"name":"wp","href":"https:\/\/api.w.org\/{rel}","templated":true}]}}