{"id":1228678,"date":"2026-05-12T08:24:24","date_gmt":"2026-05-12T05:24:24","guid":{"rendered":"https:\/\/ventspils.citro.lv\/veikals\/olivas-zalas-pilditas-ar-ansoviem-franko-300ml\/"},"modified":"2026-05-12T08:24:34","modified_gmt":"2026-05-12T05:24:34","slug":"olivas-zalas-pilditas-ar-ansoviem-franko-300ml","status":"publish","type":"product","link":"https:\/\/ventspils.citro.lv\/ru\/veikals\/olivas-zalas-pilditas-ar-ansoviem-franko-300ml\/","title":{"rendered":"Ol\u012bvas za\u013c\u0101s pild\u012btas ar an\u0161oviem Franko 300ml"},"content":{"rendered":"<p>Dzeramais \u016bdens, ol\u012bvas, an\u0161ovu pasta 10 % (an\u0161ovi, biezin\u0101t\u0101js \u2013 n\u0101trija algin\u0101ts E401, gu\u0101ra sve\u0137i E412, kalcija hlor\u012bds E509), s\u0101ls, gar\u0161as un arom\u0101ta pastiprin\u0101t\u0101js \u2013 monon\u0101trija glutam\u0101ts E621, sk\u0101buma regul\u0113t\u0101ji: citronsk\u0101be E330, piensk\u0101be E270, antioksidanti \u2013 askorb\u012bnsk\u0101be E300.<\/p>\n","protected":false},"excerpt":{"rendered":"<p>5.30 \u20ac\/l<\/p>\n","protected":false},"featured_media":0,"template":"","meta":{"_acf_changed":false,"inline_featured_image":false},"product_cat":[572,103],"product_tag":[],"acf":[],"aioseo_notices":[],"_links":{"self":[{"href":"https:\/\/ventspils.citro.lv\/ru\/wp-json\/wp\/v2\/product\/1228678"}],"collection":[{"href":"https:\/\/ventspils.citro.lv\/ru\/wp-json\/wp\/v2\/product"}],"about":[{"href":"https:\/\/ventspils.citro.lv\/ru\/wp-json\/wp\/v2\/types\/product"}],"wp:attachment":[{"href":"https:\/\/ventspils.citro.lv\/ru\/wp-json\/wp\/v2\/media?parent=1228678"}],"wp:term":[{"taxonomy":"product_cat","embeddable":true,"href":"https:\/\/ventspils.citro.lv\/ru\/wp-json\/wp\/v2\/product_cat?post=1228678"},{"taxonomy":"product_tag","embeddable":true,"href":"https:\/\/ventspils.citro.lv\/ru\/wp-json\/wp\/v2\/product_tag?post=1228678"}],"curies":[{"name":"wp","href":"https:\/\/api.w.org\/{rel}","templated":true}]}}