{"id":1228677,"date":"2026-04-24T11:03:03","date_gmt":"2026-04-24T08:03:03","guid":{"rendered":"https:\/\/ventspils.citro.lv\/veikals\/olivas-zalas-bez-kauliniem-franko-300ml\/"},"modified":"2026-04-24T11:03:14","modified_gmt":"2026-04-24T08:03:14","slug":"olivas-zalas-bez-kauliniem-franko-300ml","status":"publish","type":"product","link":"https:\/\/ventspils.citro.lv\/ru\/veikals\/olivas-zalas-bez-kauliniem-franko-300ml\/","title":{"rendered":"Ol\u012bvas za\u013c\u0101s bez kauli\u0146iem Franko 300ml"},"content":{"rendered":"<p>Dzeramais \u016bdens, ol\u012bvas, s\u0101ls, sk\u0101buma regul\u0113t\u0101ji: piensk\u0101be, citronsk\u0101be, antioksidanti: askorb\u012bnsk\u0101be.<\/p>\n","protected":false},"excerpt":{"rendered":"<p>3.63 \u20ac\/l<\/p>\n","protected":false},"featured_media":1253215,"template":"","meta":{"_acf_changed":false,"inline_featured_image":false},"product_cat":[572,103],"product_tag":[],"acf":[],"aioseo_notices":[],"_links":{"self":[{"href":"https:\/\/ventspils.citro.lv\/ru\/wp-json\/wp\/v2\/product\/1228677"}],"collection":[{"href":"https:\/\/ventspils.citro.lv\/ru\/wp-json\/wp\/v2\/product"}],"about":[{"href":"https:\/\/ventspils.citro.lv\/ru\/wp-json\/wp\/v2\/types\/product"}],"wp:featuredmedia":[{"embeddable":true,"href":"https:\/\/ventspils.citro.lv\/ru\/wp-json\/wp\/v2\/media\/1253215"}],"wp:attachment":[{"href":"https:\/\/ventspils.citro.lv\/ru\/wp-json\/wp\/v2\/media?parent=1228677"}],"wp:term":[{"taxonomy":"product_cat","embeddable":true,"href":"https:\/\/ventspils.citro.lv\/ru\/wp-json\/wp\/v2\/product_cat?post=1228677"},{"taxonomy":"product_tag","embeddable":true,"href":"https:\/\/ventspils.citro.lv\/ru\/wp-json\/wp\/v2\/product_tag?post=1228677"}],"curies":[{"name":"wp","href":"https:\/\/api.w.org\/{rel}","templated":true}]}}