{"id":1228665,"date":"2026-04-30T02:52:01","date_gmt":"2026-04-29T23:52:01","guid":{"rendered":"https:\/\/ventspils.citro.lv\/veikals\/aboli-dzeltenie-fas-1kggb-2-sk-polija\/"},"modified":"2026-05-04T10:13:50","modified_gmt":"2026-05-04T07:13:50","slug":"aboli-dzeltenie-fas-1kggb-2-sk-polija","status":"publish","type":"product","link":"https:\/\/ventspils.citro.lv\/ru\/veikals\/aboli-dzeltenie-fas-1kggb-2-sk-polija\/","title":{"rendered":"\u0100boli dzeltenie fas. 1kg,gb 2.\u0161\u0137. Polija"},"content":{"rendered":"","protected":false},"excerpt":{"rendered":"<p>1.75 \u20ac\/kg<\/p>\n","protected":false},"featured_media":0,"template":"","meta":{"_acf_changed":false,"inline_featured_image":false},"product_cat":[97,98],"product_tag":[],"acf":[],"aioseo_notices":[],"_links":{"self":[{"href":"https:\/\/ventspils.citro.lv\/ru\/wp-json\/wp\/v2\/product\/1228665"}],"collection":[{"href":"https:\/\/ventspils.citro.lv\/ru\/wp-json\/wp\/v2\/product"}],"about":[{"href":"https:\/\/ventspils.citro.lv\/ru\/wp-json\/wp\/v2\/types\/product"}],"wp:attachment":[{"href":"https:\/\/ventspils.citro.lv\/ru\/wp-json\/wp\/v2\/media?parent=1228665"}],"wp:term":[{"taxonomy":"product_cat","embeddable":true,"href":"https:\/\/ventspils.citro.lv\/ru\/wp-json\/wp\/v2\/product_cat?post=1228665"},{"taxonomy":"product_tag","embeddable":true,"href":"https:\/\/ventspils.citro.lv\/ru\/wp-json\/wp\/v2\/product_tag?post=1228665"}],"curies":[{"name":"wp","href":"https:\/\/api.w.org\/{rel}","templated":true}]}}