{"id":1228662,"date":"2026-04-08T06:06:39","date_gmt":"2026-04-08T03:06:39","guid":{"rendered":"https:\/\/ventspils.citro.lv\/veikals\/prjaniki-ar-medus-garsu-berniba-400g\/"},"modified":"2026-04-23T16:11:34","modified_gmt":"2026-04-23T13:11:34","slug":"prjaniki-ar-medus-garsu-berniba-400g","status":"publish","type":"product","link":"https:\/\/ventspils.citro.lv\/ru\/veikals\/prjaniki-ar-medus-garsu-berniba-400g\/","title":{"rendered":"Prja\u0146iki ar medus gar\u0161u B\u0113rn\u012bba 400g"},"content":{"rendered":"<p>KVIE\u0160U milti, cukurs, invertcukura s\u012brups (cukurs, \u016bdens, sk\u0101buma regul\u0113t\u0101ji: E330, E500), \u016bdens, glikozes- fruktozes s\u012brups, rap\u0161u e\u013c\u013ca, dekstroze, irdin\u0101t\u0101ji: E503, E500; dedzin\u0101ts cukura s\u012brups, aromatiz\u0113t\u0101js medus. Var satur\u0113t OLU, PIENA, SOJAS, SINEPJU, SEZAMA S\u0112KLU, ZEMESRIEKSTU un RIEKSTU da\u013ci\u0146as.<\/p>\n","protected":false},"excerpt":{"rendered":"<p>5.38 \u20ac\/kg<\/p>\n","protected":false},"featured_media":1241324,"template":"","meta":{"_acf_changed":false,"inline_featured_image":false},"product_cat":[125,139],"product_tag":[],"acf":[],"aioseo_notices":[],"_links":{"self":[{"href":"https:\/\/ventspils.citro.lv\/ru\/wp-json\/wp\/v2\/product\/1228662"}],"collection":[{"href":"https:\/\/ventspils.citro.lv\/ru\/wp-json\/wp\/v2\/product"}],"about":[{"href":"https:\/\/ventspils.citro.lv\/ru\/wp-json\/wp\/v2\/types\/product"}],"wp:featuredmedia":[{"embeddable":true,"href":"https:\/\/ventspils.citro.lv\/ru\/wp-json\/wp\/v2\/media\/1241324"}],"wp:attachment":[{"href":"https:\/\/ventspils.citro.lv\/ru\/wp-json\/wp\/v2\/media?parent=1228662"}],"wp:term":[{"taxonomy":"product_cat","embeddable":true,"href":"https:\/\/ventspils.citro.lv\/ru\/wp-json\/wp\/v2\/product_cat?post=1228662"},{"taxonomy":"product_tag","embeddable":true,"href":"https:\/\/ventspils.citro.lv\/ru\/wp-json\/wp\/v2\/product_tag?post=1228662"}],"curies":[{"name":"wp","href":"https:\/\/api.w.org\/{rel}","templated":true}]}}