{"id":1228659,"date":"2026-04-24T10:52:15","date_gmt":"2026-04-24T07:52:15","guid":{"rendered":"https:\/\/ventspils.citro.lv\/veikals\/proteins-sukalu-80-zemenu-iconfit-1kg\/"},"modified":"2026-04-24T10:52:26","modified_gmt":"2026-04-24T07:52:26","slug":"proteins-sukalu-80-zemenu-iconfit-1kg","status":"publish","type":"product","link":"https:\/\/ventspils.citro.lv\/ru\/veikals\/proteins-sukalu-80-zemenu-iconfit-1kg\/","title":{"rendered":"Prote\u012bns s\u016bkalu  80 zeme\u0146u Iconfit 1kg"},"content":{"rendered":"","protected":false},"excerpt":{"rendered":"<p>24.39 \u20ac\/kg<\/p>\n","protected":false},"featured_media":1253171,"template":"","meta":{"_acf_changed":false,"inline_featured_image":false},"product_cat":[368,116],"product_tag":[],"acf":[],"aioseo_notices":[],"_links":{"self":[{"href":"https:\/\/ventspils.citro.lv\/ru\/wp-json\/wp\/v2\/product\/1228659"}],"collection":[{"href":"https:\/\/ventspils.citro.lv\/ru\/wp-json\/wp\/v2\/product"}],"about":[{"href":"https:\/\/ventspils.citro.lv\/ru\/wp-json\/wp\/v2\/types\/product"}],"wp:featuredmedia":[{"embeddable":true,"href":"https:\/\/ventspils.citro.lv\/ru\/wp-json\/wp\/v2\/media\/1253171"}],"wp:attachment":[{"href":"https:\/\/ventspils.citro.lv\/ru\/wp-json\/wp\/v2\/media?parent=1228659"}],"wp:term":[{"taxonomy":"product_cat","embeddable":true,"href":"https:\/\/ventspils.citro.lv\/ru\/wp-json\/wp\/v2\/product_cat?post=1228659"},{"taxonomy":"product_tag","embeddable":true,"href":"https:\/\/ventspils.citro.lv\/ru\/wp-json\/wp\/v2\/product_tag?post=1228659"}],"curies":[{"name":"wp","href":"https:\/\/api.w.org\/{rel}","templated":true}]}}