{"id":1228655,"date":"2026-04-24T10:49:52","date_gmt":"2026-04-24T07:49:52","guid":{"rendered":"https:\/\/ventspils.citro.lv\/veikals\/sokolades-zakitis-milka-easter-bunny-led-45g-l-d\/"},"modified":"2026-04-24T10:50:02","modified_gmt":"2026-04-24T07:50:02","slug":"sokolades-zakitis-milka-easter-bunny-led-45g-l-d","status":"publish","type":"product","link":"https:\/\/ventspils.citro.lv\/ru\/veikals\/sokolades-zakitis-milka-easter-bunny-led-45g-l-d\/","title":{"rendered":"\u0160okol\u0101des Za\u0137\u012btis Milka Easter Bunny Led 45g L.D."},"content":{"rendered":"","protected":false},"excerpt":{"rendered":"<p>50.89 \u20ac\/kg<\/p>\n","protected":false},"featured_media":1253167,"template":"","meta":{"_acf_changed":false,"inline_featured_image":false},"product_cat":[533,125],"product_tag":[],"acf":[],"aioseo_notices":[],"_links":{"self":[{"href":"https:\/\/ventspils.citro.lv\/ru\/wp-json\/wp\/v2\/product\/1228655"}],"collection":[{"href":"https:\/\/ventspils.citro.lv\/ru\/wp-json\/wp\/v2\/product"}],"about":[{"href":"https:\/\/ventspils.citro.lv\/ru\/wp-json\/wp\/v2\/types\/product"}],"wp:featuredmedia":[{"embeddable":true,"href":"https:\/\/ventspils.citro.lv\/ru\/wp-json\/wp\/v2\/media\/1253167"}],"wp:attachment":[{"href":"https:\/\/ventspils.citro.lv\/ru\/wp-json\/wp\/v2\/media?parent=1228655"}],"wp:term":[{"taxonomy":"product_cat","embeddable":true,"href":"https:\/\/ventspils.citro.lv\/ru\/wp-json\/wp\/v2\/product_cat?post=1228655"},{"taxonomy":"product_tag","embeddable":true,"href":"https:\/\/ventspils.citro.lv\/ru\/wp-json\/wp\/v2\/product_tag?post=1228655"}],"curies":[{"name":"wp","href":"https:\/\/api.w.org\/{rel}","templated":true}]}}