{"id":1228654,"date":"2026-04-24T10:49:52","date_gmt":"2026-04-24T07:49:52","guid":{"rendered":"https:\/\/ventspils.citro.lv\/veikals\/batonins-marcipana-ola-100g-l-d\/"},"modified":"2026-04-24T10:49:56","modified_gmt":"2026-04-24T07:49:56","slug":"batonins-marcipana-ola-100g-l-d","status":"publish","type":"product","link":"https:\/\/ventspils.citro.lv\/ru\/veikals\/batonins-marcipana-ola-100g-l-d\/","title":{"rendered":"Batoni\u0146\u0161 marcip\u0101na ola 100g L.D."},"content":{"rendered":"","protected":false},"excerpt":{"rendered":"<p>21.90 \u20ac\/kg<\/p>\n","protected":false},"featured_media":0,"template":"","meta":{"_acf_changed":false,"inline_featured_image":false},"product_cat":[125,207],"product_tag":[],"acf":[],"aioseo_notices":[],"_links":{"self":[{"href":"https:\/\/ventspils.citro.lv\/ru\/wp-json\/wp\/v2\/product\/1228654"}],"collection":[{"href":"https:\/\/ventspils.citro.lv\/ru\/wp-json\/wp\/v2\/product"}],"about":[{"href":"https:\/\/ventspils.citro.lv\/ru\/wp-json\/wp\/v2\/types\/product"}],"wp:attachment":[{"href":"https:\/\/ventspils.citro.lv\/ru\/wp-json\/wp\/v2\/media?parent=1228654"}],"wp:term":[{"taxonomy":"product_cat","embeddable":true,"href":"https:\/\/ventspils.citro.lv\/ru\/wp-json\/wp\/v2\/product_cat?post=1228654"},{"taxonomy":"product_tag","embeddable":true,"href":"https:\/\/ventspils.citro.lv\/ru\/wp-json\/wp\/v2\/product_tag?post=1228654"}],"curies":[{"name":"wp","href":"https:\/\/api.w.org\/{rel}","templated":true}]}}