{"id":1228651,"date":"2026-04-24T10:49:39","date_gmt":"2026-04-24T07:49:39","guid":{"rendered":"https:\/\/ventspils.citro.lv\/veikals\/kafija-skistosa-jacobs-mild-11-1g-1gb\/"},"modified":"2026-04-24T10:49:44","modified_gmt":"2026-04-24T07:49:44","slug":"kafija-skistosa-jacobs-mild-11-1g-1gb","status":"publish","type":"product","link":"https:\/\/ventspils.citro.lv\/ru\/veikals\/kafija-skistosa-jacobs-mild-11-1g-1gb\/","title":{"rendered":"Kafija \u0161\u0137\u012bsto\u0161a Jacobs Mild 11.1g 1gb"},"content":{"rendered":"","protected":false},"excerpt":{"rendered":"<p>29.73 \u20ac\/kg<\/p>\n","protected":false},"featured_media":1253165,"template":"","meta":{"_acf_changed":false,"inline_featured_image":false},"product_cat":[538,142],"product_tag":[],"acf":[],"aioseo_notices":[],"_links":{"self":[{"href":"https:\/\/ventspils.citro.lv\/ru\/wp-json\/wp\/v2\/product\/1228651"}],"collection":[{"href":"https:\/\/ventspils.citro.lv\/ru\/wp-json\/wp\/v2\/product"}],"about":[{"href":"https:\/\/ventspils.citro.lv\/ru\/wp-json\/wp\/v2\/types\/product"}],"wp:featuredmedia":[{"embeddable":true,"href":"https:\/\/ventspils.citro.lv\/ru\/wp-json\/wp\/v2\/media\/1253165"}],"wp:attachment":[{"href":"https:\/\/ventspils.citro.lv\/ru\/wp-json\/wp\/v2\/media?parent=1228651"}],"wp:term":[{"taxonomy":"product_cat","embeddable":true,"href":"https:\/\/ventspils.citro.lv\/ru\/wp-json\/wp\/v2\/product_cat?post=1228651"},{"taxonomy":"product_tag","embeddable":true,"href":"https:\/\/ventspils.citro.lv\/ru\/wp-json\/wp\/v2\/product_tag?post=1228651"}],"curies":[{"name":"wp","href":"https:\/\/api.w.org\/{rel}","templated":true}]}}