{"id":1228648,"date":"2026-03-19T02:48:26","date_gmt":"2026-03-19T00:48:26","guid":{"rendered":"https:\/\/ventspils.citro.lv\/veikals\/sulas-dzeriens-tymbark-zemenu-abolu-persiku-0-2l\/"},"modified":"2026-03-23T14:34:35","modified_gmt":"2026-03-23T12:34:35","slug":"sulas-dzeriens-tymbark-zemenu-abolu-persiku-0-2l","status":"publish","type":"product","link":"https:\/\/ventspils.citro.lv\/ru\/veikals\/sulas-dzeriens-tymbark-zemenu-abolu-persiku-0-2l\/","title":{"rendered":"Sulas dz\u0113riens Tymbark zeme\u0146u-\u0101bolu-persiku 0.2l"},"content":{"rendered":"","protected":false},"excerpt":{"rendered":"<p>2.75 \u20ac\/l<\/p>\n","protected":false},"featured_media":1229223,"template":"","meta":{"_acf_changed":false,"inline_featured_image":false},"product_cat":[106,124],"product_tag":[],"acf":[],"aioseo_notices":[],"_links":{"self":[{"href":"https:\/\/ventspils.citro.lv\/ru\/wp-json\/wp\/v2\/product\/1228648"}],"collection":[{"href":"https:\/\/ventspils.citro.lv\/ru\/wp-json\/wp\/v2\/product"}],"about":[{"href":"https:\/\/ventspils.citro.lv\/ru\/wp-json\/wp\/v2\/types\/product"}],"wp:featuredmedia":[{"embeddable":true,"href":"https:\/\/ventspils.citro.lv\/ru\/wp-json\/wp\/v2\/media\/1229223"}],"wp:attachment":[{"href":"https:\/\/ventspils.citro.lv\/ru\/wp-json\/wp\/v2\/media?parent=1228648"}],"wp:term":[{"taxonomy":"product_cat","embeddable":true,"href":"https:\/\/ventspils.citro.lv\/ru\/wp-json\/wp\/v2\/product_cat?post=1228648"},{"taxonomy":"product_tag","embeddable":true,"href":"https:\/\/ventspils.citro.lv\/ru\/wp-json\/wp\/v2\/product_tag?post=1228648"}],"curies":[{"name":"wp","href":"https:\/\/api.w.org\/{rel}","templated":true}]}}