{"id":1228624,"date":"2026-04-28T04:30:37","date_gmt":"2026-04-28T01:30:37","guid":{"rendered":"https:\/\/ventspils.citro.lv\/veikals\/locitavu-kapsulas-glikozamins-un-hondroitins-iconfit-n90\/"},"modified":"2026-04-28T04:30:48","modified_gmt":"2026-04-28T01:30:48","slug":"locitavu-kapsulas-glikozamins-un-hondroitins-iconfit-n90","status":"publish","type":"product","link":"https:\/\/ventspils.citro.lv\/ru\/veikals\/locitavu-kapsulas-glikozamins-un-hondroitins-iconfit-n90\/","title":{"rendered":"Loc\u012btavu kapsulas Glikozam\u012bns un hondroit\u012bns Iconfit N90"},"content":{"rendered":"","protected":false},"excerpt":{"rendered":"<p>0.13 \u20ac\/kg<\/p>\n","protected":false},"featured_media":1254582,"template":"","meta":{"_acf_changed":false,"inline_featured_image":false},"product_cat":[368,116],"product_tag":[],"acf":[],"aioseo_notices":[],"_links":{"self":[{"href":"https:\/\/ventspils.citro.lv\/ru\/wp-json\/wp\/v2\/product\/1228624"}],"collection":[{"href":"https:\/\/ventspils.citro.lv\/ru\/wp-json\/wp\/v2\/product"}],"about":[{"href":"https:\/\/ventspils.citro.lv\/ru\/wp-json\/wp\/v2\/types\/product"}],"wp:featuredmedia":[{"embeddable":true,"href":"https:\/\/ventspils.citro.lv\/ru\/wp-json\/wp\/v2\/media\/1254582"}],"wp:attachment":[{"href":"https:\/\/ventspils.citro.lv\/ru\/wp-json\/wp\/v2\/media?parent=1228624"}],"wp:term":[{"taxonomy":"product_cat","embeddable":true,"href":"https:\/\/ventspils.citro.lv\/ru\/wp-json\/wp\/v2\/product_cat?post=1228624"},{"taxonomy":"product_tag","embeddable":true,"href":"https:\/\/ventspils.citro.lv\/ru\/wp-json\/wp\/v2\/product_tag?post=1228624"}],"curies":[{"name":"wp","href":"https:\/\/api.w.org\/{rel}","templated":true}]}}