{"id":1228623,"date":"2026-05-12T08:09:03","date_gmt":"2026-05-12T05:09:03","guid":{"rendered":"https:\/\/ventspils.citro.lv\/veikals\/kolagens-locitavam-kirsu-iconfit-300g\/"},"modified":"2026-05-12T08:09:07","modified_gmt":"2026-05-12T05:09:07","slug":"kolagens-locitavam-kirsu-iconfit-300g","status":"publish","type":"product","link":"https:\/\/ventspils.citro.lv\/ru\/veikals\/kolagens-locitavam-kirsu-iconfit-300g\/","title":{"rendered":"Kolag\u0113ns loc\u012btav\u0101m \u0137ir\u0161u Iconfit 300g"},"content":{"rendered":"","protected":false},"excerpt":{"rendered":"<p>42.30 \u20ac\/kg<\/p>\n","protected":false},"featured_media":1259839,"template":"","meta":{"_acf_changed":false,"inline_featured_image":false},"product_cat":[368,116],"product_tag":[],"acf":[],"aioseo_notices":[],"_links":{"self":[{"href":"https:\/\/ventspils.citro.lv\/ru\/wp-json\/wp\/v2\/product\/1228623"}],"collection":[{"href":"https:\/\/ventspils.citro.lv\/ru\/wp-json\/wp\/v2\/product"}],"about":[{"href":"https:\/\/ventspils.citro.lv\/ru\/wp-json\/wp\/v2\/types\/product"}],"wp:featuredmedia":[{"embeddable":true,"href":"https:\/\/ventspils.citro.lv\/ru\/wp-json\/wp\/v2\/media\/1259839"}],"wp:attachment":[{"href":"https:\/\/ventspils.citro.lv\/ru\/wp-json\/wp\/v2\/media?parent=1228623"}],"wp:term":[{"taxonomy":"product_cat","embeddable":true,"href":"https:\/\/ventspils.citro.lv\/ru\/wp-json\/wp\/v2\/product_cat?post=1228623"},{"taxonomy":"product_tag","embeddable":true,"href":"https:\/\/ventspils.citro.lv\/ru\/wp-json\/wp\/v2\/product_tag?post=1228623"}],"curies":[{"name":"wp","href":"https:\/\/api.w.org\/{rel}","templated":true}]}}