{"id":1228619,"date":"2026-04-24T10:39:35","date_gmt":"2026-04-24T07:39:35","guid":{"rendered":"https:\/\/ventspils.citro.lv\/veikals\/kolagens-hidrolizetais-bez-garsas-pulveris-iconfit-300g\/"},"modified":"2026-04-24T10:39:46","modified_gmt":"2026-04-24T07:39:46","slug":"kolagens-hidrolizetais-bez-garsas-pulveris-iconfit-300g","status":"publish","type":"product","link":"https:\/\/ventspils.citro.lv\/ru\/veikals\/kolagens-hidrolizetais-bez-garsas-pulveris-iconfit-300g\/","title":{"rendered":"Kolag\u0113ns hidroliz\u0113tais bez gar\u0161as pulveris Iconfit 300g"},"content":{"rendered":"","protected":false},"excerpt":{"rendered":"<p>23.63 \u20ac\/kg<\/p>\n","protected":false},"featured_media":1253129,"template":"","meta":{"_acf_changed":false,"inline_featured_image":false},"product_cat":[368,116],"product_tag":[],"acf":[],"aioseo_notices":[],"_links":{"self":[{"href":"https:\/\/ventspils.citro.lv\/ru\/wp-json\/wp\/v2\/product\/1228619"}],"collection":[{"href":"https:\/\/ventspils.citro.lv\/ru\/wp-json\/wp\/v2\/product"}],"about":[{"href":"https:\/\/ventspils.citro.lv\/ru\/wp-json\/wp\/v2\/types\/product"}],"wp:featuredmedia":[{"embeddable":true,"href":"https:\/\/ventspils.citro.lv\/ru\/wp-json\/wp\/v2\/media\/1253129"}],"wp:attachment":[{"href":"https:\/\/ventspils.citro.lv\/ru\/wp-json\/wp\/v2\/media?parent=1228619"}],"wp:term":[{"taxonomy":"product_cat","embeddable":true,"href":"https:\/\/ventspils.citro.lv\/ru\/wp-json\/wp\/v2\/product_cat?post=1228619"},{"taxonomy":"product_tag","embeddable":true,"href":"https:\/\/ventspils.citro.lv\/ru\/wp-json\/wp\/v2\/product_tag?post=1228619"}],"curies":[{"name":"wp","href":"https:\/\/api.w.org\/{rel}","templated":true}]}}