{"id":1228612,"date":"2026-05-12T08:06:13","date_gmt":"2026-05-12T05:06:13","guid":{"rendered":"https:\/\/ventspils.citro.lv\/veikals\/proteins-augu-sokolades-iconfit-480g\/"},"modified":"2026-05-12T08:06:23","modified_gmt":"2026-05-12T05:06:23","slug":"proteins-augu-sokolades-iconfit-480g","status":"publish","type":"product","link":"https:\/\/ventspils.citro.lv\/ru\/veikals\/proteins-augu-sokolades-iconfit-480g\/","title":{"rendered":"Prote\u012bns augu \u0161okol\u0101des Iconfit 480g"},"content":{"rendered":"","protected":false},"excerpt":{"rendered":"<p>24.06 \u20ac\/kg<\/p>\n","protected":false},"featured_media":1259830,"template":"","meta":{"_acf_changed":false,"inline_featured_image":false},"product_cat":[368,116],"product_tag":[],"acf":[],"aioseo_notices":[],"_links":{"self":[{"href":"https:\/\/ventspils.citro.lv\/ru\/wp-json\/wp\/v2\/product\/1228612"}],"collection":[{"href":"https:\/\/ventspils.citro.lv\/ru\/wp-json\/wp\/v2\/product"}],"about":[{"href":"https:\/\/ventspils.citro.lv\/ru\/wp-json\/wp\/v2\/types\/product"}],"wp:featuredmedia":[{"embeddable":true,"href":"https:\/\/ventspils.citro.lv\/ru\/wp-json\/wp\/v2\/media\/1259830"}],"wp:attachment":[{"href":"https:\/\/ventspils.citro.lv\/ru\/wp-json\/wp\/v2\/media?parent=1228612"}],"wp:term":[{"taxonomy":"product_cat","embeddable":true,"href":"https:\/\/ventspils.citro.lv\/ru\/wp-json\/wp\/v2\/product_cat?post=1228612"},{"taxonomy":"product_tag","embeddable":true,"href":"https:\/\/ventspils.citro.lv\/ru\/wp-json\/wp\/v2\/product_tag?post=1228612"}],"curies":[{"name":"wp","href":"https:\/\/api.w.org\/{rel}","templated":true}]}}