{"id":1228589,"date":"2026-04-08T05:54:35","date_gmt":"2026-04-08T02:54:35","guid":{"rendered":"https:\/\/ventspils.citro.lv\/veikals\/konfektes-fini-skabas-dzirksteles-16g\/"},"modified":"2026-04-08T05:54:44","modified_gmt":"2026-04-08T02:54:44","slug":"konfektes-fini-skabas-dzirksteles-16g","status":"publish","type":"product","link":"https:\/\/ventspils.citro.lv\/ru\/veikals\/konfektes-fini-skabas-dzirksteles-16g\/","title":{"rendered":"Konfektes Fini Sk\u0101b\u0101s Dzirksteles 16g"},"content":{"rendered":"<p>Sast\u0101vs: cukura dekstroze, sk\u0101be, E296, stabilizators: gumiar\u0101biks, aromatiz\u0113t\u0101ji, glaz\u0113t\u0101jviela: E903, E905, kr\u0101svielas: E100, E120, E133, E160c, E171. Uzturv\u0113rt\u012bba 100g: ener\u0123\u0113tisk\u0101 v\u0113rt\u012bba 1547kJ\/364kcal, tauki 0g, tostarp pies\u0101tin\u0101t\u0101s tauksk\u0101bes 0g, og\u013chidr\u0101ti 91g, tostarp cukuri 91g, olbaltumvielas 0g, s\u0101ls 0.1g.<\/p>\n","protected":false},"excerpt":{"rendered":"<p>21.88 \u20ac\/kg<\/p>\n","protected":false},"featured_media":0,"template":"","meta":{"_acf_changed":false,"inline_featured_image":false},"product_cat":[533,125],"product_tag":[],"acf":[],"aioseo_notices":[],"_links":{"self":[{"href":"https:\/\/ventspils.citro.lv\/ru\/wp-json\/wp\/v2\/product\/1228589"}],"collection":[{"href":"https:\/\/ventspils.citro.lv\/ru\/wp-json\/wp\/v2\/product"}],"about":[{"href":"https:\/\/ventspils.citro.lv\/ru\/wp-json\/wp\/v2\/types\/product"}],"wp:attachment":[{"href":"https:\/\/ventspils.citro.lv\/ru\/wp-json\/wp\/v2\/media?parent=1228589"}],"wp:term":[{"taxonomy":"product_cat","embeddable":true,"href":"https:\/\/ventspils.citro.lv\/ru\/wp-json\/wp\/v2\/product_cat?post=1228589"},{"taxonomy":"product_tag","embeddable":true,"href":"https:\/\/ventspils.citro.lv\/ru\/wp-json\/wp\/v2\/product_tag?post=1228589"}],"curies":[{"name":"wp","href":"https:\/\/api.w.org\/{rel}","templated":true}]}}