{"id":1228580,"date":"2026-04-01T02:45:59","date_gmt":"2026-03-31T23:45:59","guid":{"rendered":"https:\/\/ventspils.citro.lv\/veikals\/bariba-grauzejiem-perfecto-premium-menu-trusiem-1kg\/"},"modified":"2026-04-01T02:46:03","modified_gmt":"2026-03-31T23:46:03","slug":"bariba-grauzejiem-perfecto-premium-menu-trusiem-1kg","status":"publish","type":"product","link":"https:\/\/ventspils.citro.lv\/ru\/veikals\/bariba-grauzejiem-perfecto-premium-menu-trusiem-1kg\/","title":{"rendered":"Bar\u012bba grauz\u0113jiem Perfecto Premium Menu tru\u0161iem 1kg"},"content":{"rendered":"","protected":false},"excerpt":{"rendered":"<p>2.99 \u20ac\/kg<\/p>\n","protected":false},"featured_media":1238828,"template":"","meta":{"_acf_changed":false,"inline_featured_image":false},"product_cat":[230,153],"product_tag":[],"acf":[],"aioseo_notices":[],"_links":{"self":[{"href":"https:\/\/ventspils.citro.lv\/ru\/wp-json\/wp\/v2\/product\/1228580"}],"collection":[{"href":"https:\/\/ventspils.citro.lv\/ru\/wp-json\/wp\/v2\/product"}],"about":[{"href":"https:\/\/ventspils.citro.lv\/ru\/wp-json\/wp\/v2\/types\/product"}],"wp:featuredmedia":[{"embeddable":true,"href":"https:\/\/ventspils.citro.lv\/ru\/wp-json\/wp\/v2\/media\/1238828"}],"wp:attachment":[{"href":"https:\/\/ventspils.citro.lv\/ru\/wp-json\/wp\/v2\/media?parent=1228580"}],"wp:term":[{"taxonomy":"product_cat","embeddable":true,"href":"https:\/\/ventspils.citro.lv\/ru\/wp-json\/wp\/v2\/product_cat?post=1228580"},{"taxonomy":"product_tag","embeddable":true,"href":"https:\/\/ventspils.citro.lv\/ru\/wp-json\/wp\/v2\/product_tag?post=1228580"}],"curies":[{"name":"wp","href":"https:\/\/api.w.org\/{rel}","templated":true}]}}