{"id":1228563,"date":"2026-04-24T10:18:35","date_gmt":"2026-04-24T07:18:35","guid":{"rendered":"https:\/\/ventspils.citro.lv\/veikals\/olivas-melnas-ar-kauliniem-olivari-300g\/"},"modified":"2026-04-24T10:18:40","modified_gmt":"2026-04-24T07:18:40","slug":"olivas-melnas-ar-kauliniem-olivari-300g","status":"publish","type":"product","link":"https:\/\/ventspils.citro.lv\/ru\/veikals\/olivas-melnas-ar-kauliniem-olivari-300g\/","title":{"rendered":"Ol\u012bvas meln\u0101s ar kauli\u0146iem Olivari 300g"},"content":{"rendered":"<p>Meln\u0101s olivas, \u016bdens, s\u0101ls, sk\u0101buma regul\u0113t\u0101ji: piensk\u0101be; stabiliz\u0113t\u0101js dzelzs glikon\u0101ts.<\/p>\n","protected":false},"excerpt":{"rendered":"<p>5.83 \u20ac\/kg<\/p>\n","protected":false},"featured_media":1253045,"template":"","meta":{"_acf_changed":false,"inline_featured_image":false},"product_cat":[572,103],"product_tag":[],"acf":[],"aioseo_notices":[],"_links":{"self":[{"href":"https:\/\/ventspils.citro.lv\/ru\/wp-json\/wp\/v2\/product\/1228563"}],"collection":[{"href":"https:\/\/ventspils.citro.lv\/ru\/wp-json\/wp\/v2\/product"}],"about":[{"href":"https:\/\/ventspils.citro.lv\/ru\/wp-json\/wp\/v2\/types\/product"}],"wp:featuredmedia":[{"embeddable":true,"href":"https:\/\/ventspils.citro.lv\/ru\/wp-json\/wp\/v2\/media\/1253045"}],"wp:attachment":[{"href":"https:\/\/ventspils.citro.lv\/ru\/wp-json\/wp\/v2\/media?parent=1228563"}],"wp:term":[{"taxonomy":"product_cat","embeddable":true,"href":"https:\/\/ventspils.citro.lv\/ru\/wp-json\/wp\/v2\/product_cat?post=1228563"},{"taxonomy":"product_tag","embeddable":true,"href":"https:\/\/ventspils.citro.lv\/ru\/wp-json\/wp\/v2\/product_tag?post=1228563"}],"curies":[{"name":"wp","href":"https:\/\/api.w.org\/{rel}","templated":true}]}}