{"id":1228544,"date":"2026-03-18T05:06:23","date_gmt":"2026-03-18T03:06:23","guid":{"rendered":"https:\/\/ventspils.citro.lv\/veikals\/karamele-uz-kocina-trusis-ar-auglu-ogu-garsu-60g-l-d\/"},"modified":"2026-03-18T05:06:29","modified_gmt":"2026-03-18T03:06:29","slug":"karamele-uz-kocina-trusis-ar-auglu-ogu-garsu-60g-l-d","status":"publish","type":"product","link":"https:\/\/ventspils.citro.lv\/ru\/veikals\/karamele-uz-kocina-trusis-ar-auglu-ogu-garsu-60g-l-d\/","title":{"rendered":"Karamele uz koci\u0146a Trusis ar aug\u013cu-ogu gar\u0161u 60g L.D."},"content":{"rendered":"","protected":false},"excerpt":{"rendered":"<p>&nbsp;<\/p>\n","protected":false},"featured_media":0,"template":"","meta":{"_acf_changed":false,"inline_featured_image":false},"product_cat":[533,125],"product_tag":[],"acf":[],"aioseo_notices":[],"_links":{"self":[{"href":"https:\/\/ventspils.citro.lv\/ru\/wp-json\/wp\/v2\/product\/1228544"}],"collection":[{"href":"https:\/\/ventspils.citro.lv\/ru\/wp-json\/wp\/v2\/product"}],"about":[{"href":"https:\/\/ventspils.citro.lv\/ru\/wp-json\/wp\/v2\/types\/product"}],"wp:attachment":[{"href":"https:\/\/ventspils.citro.lv\/ru\/wp-json\/wp\/v2\/media?parent=1228544"}],"wp:term":[{"taxonomy":"product_cat","embeddable":true,"href":"https:\/\/ventspils.citro.lv\/ru\/wp-json\/wp\/v2\/product_cat?post=1228544"},{"taxonomy":"product_tag","embeddable":true,"href":"https:\/\/ventspils.citro.lv\/ru\/wp-json\/wp\/v2\/product_tag?post=1228544"}],"curies":[{"name":"wp","href":"https:\/\/api.w.org\/{rel}","templated":true}]}}