{"id":1228543,"date":"2026-03-31T04:27:39","date_gmt":"2026-03-31T01:27:39","guid":{"rendered":"https:\/\/ventspils.citro.lv\/veikals\/karamele-uz-kocina-gailitis-ar-auglu-ogu-garsu-80g-l-d\/"},"modified":"2026-03-31T04:27:43","modified_gmt":"2026-03-31T01:27:43","slug":"karamele-uz-kocina-gailitis-ar-auglu-ogu-garsu-80g-l-d","status":"publish","type":"product","link":"https:\/\/ventspils.citro.lv\/ru\/veikals\/karamele-uz-kocina-gailitis-ar-auglu-ogu-garsu-80g-l-d\/","title":{"rendered":"Karamele uz koci\u0146a Gail\u012btis ar aug\u013cu.ogu gar\u0161u 80g L.D."},"content":{"rendered":"","protected":false},"excerpt":{"rendered":"<p>&nbsp;<\/p>\n","protected":false},"featured_media":1238343,"template":"","meta":{"_acf_changed":false,"inline_featured_image":false},"product_cat":[533,125],"product_tag":[],"acf":[],"aioseo_notices":[],"_links":{"self":[{"href":"https:\/\/ventspils.citro.lv\/ru\/wp-json\/wp\/v2\/product\/1228543"}],"collection":[{"href":"https:\/\/ventspils.citro.lv\/ru\/wp-json\/wp\/v2\/product"}],"about":[{"href":"https:\/\/ventspils.citro.lv\/ru\/wp-json\/wp\/v2\/types\/product"}],"wp:featuredmedia":[{"embeddable":true,"href":"https:\/\/ventspils.citro.lv\/ru\/wp-json\/wp\/v2\/media\/1238343"}],"wp:attachment":[{"href":"https:\/\/ventspils.citro.lv\/ru\/wp-json\/wp\/v2\/media?parent=1228543"}],"wp:term":[{"taxonomy":"product_cat","embeddable":true,"href":"https:\/\/ventspils.citro.lv\/ru\/wp-json\/wp\/v2\/product_cat?post=1228543"},{"taxonomy":"product_tag","embeddable":true,"href":"https:\/\/ventspils.citro.lv\/ru\/wp-json\/wp\/v2\/product_tag?post=1228543"}],"curies":[{"name":"wp","href":"https:\/\/api.w.org\/{rel}","templated":true}]}}