{"id":1228526,"date":"2026-05-07T04:09:02","date_gmt":"2026-05-07T01:09:02","guid":{"rendered":"https:\/\/ventspils.citro.lv\/veikals\/tafele-sokolades-milka-hazelnut-creme-85g\/"},"modified":"2026-05-07T04:09:13","modified_gmt":"2026-05-07T01:09:13","slug":"tafele-sokolades-milka-hazelnut-creme-85g","status":"publish","type":"product","link":"https:\/\/ventspils.citro.lv\/ru\/veikals\/tafele-sokolades-milka-hazelnut-creme-85g\/","title":{"rendered":"T\u0101fele \u0161okol\u0101des Milka Hazelnut Creme 85g"},"content":{"rendered":"","protected":false},"excerpt":{"rendered":"<p>30.47 \u20ac\/kg<\/p>\n","protected":false},"featured_media":1257087,"template":"","meta":{"_acf_changed":false,"inline_featured_image":false},"product_cat":[547,125],"product_tag":[],"acf":[],"aioseo_notices":[],"_links":{"self":[{"href":"https:\/\/ventspils.citro.lv\/ru\/wp-json\/wp\/v2\/product\/1228526"}],"collection":[{"href":"https:\/\/ventspils.citro.lv\/ru\/wp-json\/wp\/v2\/product"}],"about":[{"href":"https:\/\/ventspils.citro.lv\/ru\/wp-json\/wp\/v2\/types\/product"}],"wp:featuredmedia":[{"embeddable":true,"href":"https:\/\/ventspils.citro.lv\/ru\/wp-json\/wp\/v2\/media\/1257087"}],"wp:attachment":[{"href":"https:\/\/ventspils.citro.lv\/ru\/wp-json\/wp\/v2\/media?parent=1228526"}],"wp:term":[{"taxonomy":"product_cat","embeddable":true,"href":"https:\/\/ventspils.citro.lv\/ru\/wp-json\/wp\/v2\/product_cat?post=1228526"},{"taxonomy":"product_tag","embeddable":true,"href":"https:\/\/ventspils.citro.lv\/ru\/wp-json\/wp\/v2\/product_tag?post=1228526"}],"curies":[{"name":"wp","href":"https:\/\/api.w.org\/{rel}","templated":true}]}}