{"id":1228507,"date":"2026-05-06T02:45:56","date_gmt":"2026-05-05T23:45:56","guid":{"rendered":"https:\/\/ventspils.citro.lv\/veikals\/konservi-kakim-tropi-ar-majputnu-galu-830g\/"},"modified":"2026-05-06T02:46:00","modified_gmt":"2026-05-05T23:46:00","slug":"konservi-kakim-tropi-ar-majputnu-galu-830g","status":"publish","type":"product","link":"https:\/\/ventspils.citro.lv\/ru\/veikals\/konservi-kakim-tropi-ar-majputnu-galu-830g\/","title":{"rendered":"Konservi ka\u0137im Tropi ar m\u0101jputnu ga\u013cu 830g"},"content":{"rendered":"","protected":false},"excerpt":{"rendered":"<p>2.40 \u20ac\/kg<\/p>\n","protected":false},"featured_media":0,"template":"","meta":{"_acf_changed":false,"inline_featured_image":false},"product_cat":[153,175],"product_tag":[],"acf":[],"aioseo_notices":[],"_links":{"self":[{"href":"https:\/\/ventspils.citro.lv\/ru\/wp-json\/wp\/v2\/product\/1228507"}],"collection":[{"href":"https:\/\/ventspils.citro.lv\/ru\/wp-json\/wp\/v2\/product"}],"about":[{"href":"https:\/\/ventspils.citro.lv\/ru\/wp-json\/wp\/v2\/types\/product"}],"wp:attachment":[{"href":"https:\/\/ventspils.citro.lv\/ru\/wp-json\/wp\/v2\/media?parent=1228507"}],"wp:term":[{"taxonomy":"product_cat","embeddable":true,"href":"https:\/\/ventspils.citro.lv\/ru\/wp-json\/wp\/v2\/product_cat?post=1228507"},{"taxonomy":"product_tag","embeddable":true,"href":"https:\/\/ventspils.citro.lv\/ru\/wp-json\/wp\/v2\/product_tag?post=1228507"}],"curies":[{"name":"wp","href":"https:\/\/api.w.org\/{rel}","templated":true}]}}