{"id":1228482,"date":"2026-05-12T07:27:34","date_gmt":"2026-05-12T04:27:34","guid":{"rendered":"https:\/\/ventspils.citro.lv\/veikals\/konfektes-fini-koslajamas-cola-bottle-5g\/"},"modified":"2026-05-12T07:27:39","modified_gmt":"2026-05-12T04:27:39","slug":"konfektes-fini-koslajamas-cola-bottle-5g","status":"publish","type":"product","link":"https:\/\/ventspils.citro.lv\/ru\/veikals\/konfektes-fini-koslajamas-cola-bottle-5g\/","title":{"rendered":"Konfektes Fini ko\u0161\u013c\u0101jamas Cola Bottle 5g"},"content":{"rendered":"","protected":false},"excerpt":{"rendered":"<p>46.00 \u20ac\/kg<\/p>\n","protected":false},"featured_media":1259666,"template":"","meta":{"_acf_changed":false,"inline_featured_image":false},"product_cat":[533,125],"product_tag":[],"acf":[],"aioseo_notices":[],"_links":{"self":[{"href":"https:\/\/ventspils.citro.lv\/ru\/wp-json\/wp\/v2\/product\/1228482"}],"collection":[{"href":"https:\/\/ventspils.citro.lv\/ru\/wp-json\/wp\/v2\/product"}],"about":[{"href":"https:\/\/ventspils.citro.lv\/ru\/wp-json\/wp\/v2\/types\/product"}],"wp:featuredmedia":[{"embeddable":true,"href":"https:\/\/ventspils.citro.lv\/ru\/wp-json\/wp\/v2\/media\/1259666"}],"wp:attachment":[{"href":"https:\/\/ventspils.citro.lv\/ru\/wp-json\/wp\/v2\/media?parent=1228482"}],"wp:term":[{"taxonomy":"product_cat","embeddable":true,"href":"https:\/\/ventspils.citro.lv\/ru\/wp-json\/wp\/v2\/product_cat?post=1228482"},{"taxonomy":"product_tag","embeddable":true,"href":"https:\/\/ventspils.citro.lv\/ru\/wp-json\/wp\/v2\/product_tag?post=1228482"}],"curies":[{"name":"wp","href":"https:\/\/api.w.org\/{rel}","templated":true}]}}