{"id":1228480,"date":"2026-03-31T04:18:14","date_gmt":"2026-03-31T01:18:14","guid":{"rendered":"https:\/\/ventspils.citro.lv\/veikals\/teja-piparmetru-un-upenu-50g\/"},"modified":"2026-03-31T04:18:18","modified_gmt":"2026-03-31T01:18:18","slug":"teja-piparmetru-un-upenu-50g","status":"publish","type":"product","link":"https:\/\/ventspils.citro.lv\/ru\/veikals\/teja-piparmetru-un-upenu-50g\/","title":{"rendered":"T\u0113ja Piparm\u0113tru un upe\u0146u 50g"},"content":{"rendered":"","protected":false},"excerpt":{"rendered":"<p>49.80 \u20ac\/kg<\/p>\n","protected":false},"featured_media":1238305,"template":"","meta":{"_acf_changed":false,"inline_featured_image":false},"product_cat":[142,143],"product_tag":[],"acf":[],"aioseo_notices":[],"_links":{"self":[{"href":"https:\/\/ventspils.citro.lv\/ru\/wp-json\/wp\/v2\/product\/1228480"}],"collection":[{"href":"https:\/\/ventspils.citro.lv\/ru\/wp-json\/wp\/v2\/product"}],"about":[{"href":"https:\/\/ventspils.citro.lv\/ru\/wp-json\/wp\/v2\/types\/product"}],"wp:featuredmedia":[{"embeddable":true,"href":"https:\/\/ventspils.citro.lv\/ru\/wp-json\/wp\/v2\/media\/1238305"}],"wp:attachment":[{"href":"https:\/\/ventspils.citro.lv\/ru\/wp-json\/wp\/v2\/media?parent=1228480"}],"wp:term":[{"taxonomy":"product_cat","embeddable":true,"href":"https:\/\/ventspils.citro.lv\/ru\/wp-json\/wp\/v2\/product_cat?post=1228480"},{"taxonomy":"product_tag","embeddable":true,"href":"https:\/\/ventspils.citro.lv\/ru\/wp-json\/wp\/v2\/product_tag?post=1228480"}],"curies":[{"name":"wp","href":"https:\/\/api.w.org\/{rel}","templated":true}]}}