{"id":1228471,"date":"2026-04-23T09:48:14","date_gmt":"2026-04-23T06:48:14","guid":{"rendered":"https:\/\/ventspils.citro.lv\/veikals\/pipari-asie-mix-50g-niderlande-2-sk\/"},"modified":"2026-04-23T09:48:24","modified_gmt":"2026-04-23T06:48:24","slug":"pipari-asie-mix-50g-niderlande-2-sk","status":"publish","type":"product","link":"https:\/\/ventspils.citro.lv\/ru\/veikals\/pipari-asie-mix-50g-niderlande-2-sk\/","title":{"rendered":"Pipari asie mix 50g N\u012bderlande 2.\u0161\u0137."},"content":{"rendered":"","protected":false},"excerpt":{"rendered":"<p>&nbsp;<\/p>\n","protected":false},"featured_media":0,"template":"","meta":{"_acf_changed":false,"inline_featured_image":false},"product_cat":[97,99],"product_tag":[],"acf":[],"aioseo_notices":[],"_links":{"self":[{"href":"https:\/\/ventspils.citro.lv\/ru\/wp-json\/wp\/v2\/product\/1228471"}],"collection":[{"href":"https:\/\/ventspils.citro.lv\/ru\/wp-json\/wp\/v2\/product"}],"about":[{"href":"https:\/\/ventspils.citro.lv\/ru\/wp-json\/wp\/v2\/types\/product"}],"wp:attachment":[{"href":"https:\/\/ventspils.citro.lv\/ru\/wp-json\/wp\/v2\/media?parent=1228471"}],"wp:term":[{"taxonomy":"product_cat","embeddable":true,"href":"https:\/\/ventspils.citro.lv\/ru\/wp-json\/wp\/v2\/product_cat?post=1228471"},{"taxonomy":"product_tag","embeddable":true,"href":"https:\/\/ventspils.citro.lv\/ru\/wp-json\/wp\/v2\/product_tag?post=1228471"}],"curies":[{"name":"wp","href":"https:\/\/api.w.org\/{rel}","templated":true}]}}