{"id":1228448,"date":"2026-04-20T01:15:03","date_gmt":"2026-04-19T22:15:03","guid":{"rendered":"https:\/\/ventspils.citro.lv\/veikals\/cepumi-selga-200g\/"},"modified":"2026-04-20T01:15:09","modified_gmt":"2026-04-19T22:15:09","slug":"cepumi-selga-200g","status":"publish","type":"product","link":"https:\/\/ventspils.citro.lv\/ru\/veikals\/cepumi-selga-200g\/","title":{"rendered":"Cepumi Selga 200g"},"content":{"rendered":"<p>Sast\u0101vs:  Kvie\u0161u milti, cukurs, margar\u012bns (hidrogen\u0113ti augu tauki un e\u013c\u013cas, \u016bdens, s\u0101ls, emulgatori (sojas lecit\u012bns, E471), sk\u0101buma regul\u0113t\u0101js E330, konservants E202, kr\u0101sviela E160a, aromatiz\u0113t\u0101js, vitam\u012bni (A un D3)), sviests, olu masa, iebiezin\u0101ts piens ar cukuru, irdin\u0101t\u0101ji (E500, E503), s\u0101ls, aromatiz\u0113t\u0101js (vanil\u012bns).<\/p>\n","protected":false},"excerpt":{"rendered":"<p>5.60 \u20ac\/kg<\/p>\n","protected":false},"featured_media":0,"template":"","meta":{"_acf_changed":false,"inline_featured_image":false},"product_cat":[125,139],"product_tag":[],"acf":[],"aioseo_notices":[],"_links":{"self":[{"href":"https:\/\/ventspils.citro.lv\/ru\/wp-json\/wp\/v2\/product\/1228448"}],"collection":[{"href":"https:\/\/ventspils.citro.lv\/ru\/wp-json\/wp\/v2\/product"}],"about":[{"href":"https:\/\/ventspils.citro.lv\/ru\/wp-json\/wp\/v2\/types\/product"}],"wp:attachment":[{"href":"https:\/\/ventspils.citro.lv\/ru\/wp-json\/wp\/v2\/media?parent=1228448"}],"wp:term":[{"taxonomy":"product_cat","embeddable":true,"href":"https:\/\/ventspils.citro.lv\/ru\/wp-json\/wp\/v2\/product_cat?post=1228448"},{"taxonomy":"product_tag","embeddable":true,"href":"https:\/\/ventspils.citro.lv\/ru\/wp-json\/wp\/v2\/product_tag?post=1228448"}],"curies":[{"name":"wp","href":"https:\/\/api.w.org\/{rel}","templated":true}]}}