{"id":1228447,"date":"2026-04-10T08:09:57","date_gmt":"2026-04-10T05:09:57","guid":{"rendered":"https:\/\/ventspils.citro.lv\/veikals\/vafeles-ar-karamelu-garsu-64g\/"},"modified":"2026-04-10T08:10:06","modified_gmt":"2026-04-10T05:10:06","slug":"vafeles-ar-karamelu-garsu-64g","status":"publish","type":"product","link":"https:\/\/ventspils.citro.lv\/ru\/veikals\/vafeles-ar-karamelu-garsu-64g\/","title":{"rendered":"Vafeles ar karame\u013cu gar\u0161u 64g"},"content":{"rendered":"<p>Sast\u0101vs:vafeles(16%),KVIE\u0160U milti,rap\u0161u e\u013c\u013ca,m\u012bklas pacel\u0161nas viela-p\u0101rtikas soda.Pild\u012bjums nokrejota PIENA pulveris,S\u016aKALU pulveris(NO PIENA),s\u0101ls,emulgatori-SOJU LECIT\u012aNS,tauksk\u0101bju mono un diglecer\u012bdi,konservants-k\u0101lija sorb\u0101ts,sk\u0101buma regul\u0113jo\u0161a viela-citronsk\u0101be. Fas\u0113ts:A\/S Di\u0101na, Durbes iela 38\/40,Ventspils<\/p>\n","protected":false},"excerpt":{"rendered":"<p>7.66 \u20ac\/kg<\/p>\n","protected":false},"featured_media":0,"template":"","meta":{"_acf_changed":false,"inline_featured_image":false},"product_cat":[125,139],"product_tag":[],"acf":[],"aioseo_notices":[],"_links":{"self":[{"href":"https:\/\/ventspils.citro.lv\/ru\/wp-json\/wp\/v2\/product\/1228447"}],"collection":[{"href":"https:\/\/ventspils.citro.lv\/ru\/wp-json\/wp\/v2\/product"}],"about":[{"href":"https:\/\/ventspils.citro.lv\/ru\/wp-json\/wp\/v2\/types\/product"}],"wp:attachment":[{"href":"https:\/\/ventspils.citro.lv\/ru\/wp-json\/wp\/v2\/media?parent=1228447"}],"wp:term":[{"taxonomy":"product_cat","embeddable":true,"href":"https:\/\/ventspils.citro.lv\/ru\/wp-json\/wp\/v2\/product_cat?post=1228447"},{"taxonomy":"product_tag","embeddable":true,"href":"https:\/\/ventspils.citro.lv\/ru\/wp-json\/wp\/v2\/product_tag?post=1228447"}],"curies":[{"name":"wp","href":"https:\/\/api.w.org\/{rel}","templated":true}]}}