{"id":1228342,"date":"2026-03-31T03:39:02","date_gmt":"2026-03-31T00:39:02","guid":{"rendered":"https:\/\/ventspils.citro.lv\/veikals\/karamele-uz-kocina-lieldienu-zakis-ar-auglu-ogu-garsu-90g\/"},"modified":"2026-03-31T03:39:09","modified_gmt":"2026-03-31T00:39:09","slug":"karamele-uz-kocina-lieldienu-zakis-ar-auglu-ogu-garsu-90g","status":"publish","type":"product","link":"https:\/\/ventspils.citro.lv\/ru\/veikals\/karamele-uz-kocina-lieldienu-zakis-ar-auglu-ogu-garsu-90g\/","title":{"rendered":"Karamele uz koci\u0146a Lieldienu za\u0137is ar aug\u013cu-ogu gar\u0161u 90g"},"content":{"rendered":"","protected":false},"excerpt":{"rendered":"<p>15.44 \u20ac\/kg<\/p>\n","protected":false},"featured_media":1238164,"template":"","meta":{"_acf_changed":false,"inline_featured_image":false},"product_cat":[533,125],"product_tag":[],"acf":[],"aioseo_notices":[],"_links":{"self":[{"href":"https:\/\/ventspils.citro.lv\/ru\/wp-json\/wp\/v2\/product\/1228342"}],"collection":[{"href":"https:\/\/ventspils.citro.lv\/ru\/wp-json\/wp\/v2\/product"}],"about":[{"href":"https:\/\/ventspils.citro.lv\/ru\/wp-json\/wp\/v2\/types\/product"}],"wp:featuredmedia":[{"embeddable":true,"href":"https:\/\/ventspils.citro.lv\/ru\/wp-json\/wp\/v2\/media\/1238164"}],"wp:attachment":[{"href":"https:\/\/ventspils.citro.lv\/ru\/wp-json\/wp\/v2\/media?parent=1228342"}],"wp:term":[{"taxonomy":"product_cat","embeddable":true,"href":"https:\/\/ventspils.citro.lv\/ru\/wp-json\/wp\/v2\/product_cat?post=1228342"},{"taxonomy":"product_tag","embeddable":true,"href":"https:\/\/ventspils.citro.lv\/ru\/wp-json\/wp\/v2\/product_tag?post=1228342"}],"curies":[{"name":"wp","href":"https:\/\/api.w.org\/{rel}","templated":true}]}}