{"id":1228183,"date":"2026-04-02T02:00:04","date_gmt":"2026-04-01T23:00:04","guid":{"rendered":"https:\/\/ventspils.citro.lv\/veikals\/teja-loyd-pyramids-auglu-ar-zemenu-vanilas-garsu-40g\/"},"modified":"2026-04-02T02:00:17","modified_gmt":"2026-04-01T23:00:17","slug":"teja-loyd-pyramids-auglu-ar-zemenu-vanilas-garsu-40g","status":"publish","type":"product","link":"https:\/\/ventspils.citro.lv\/ru\/veikals\/teja-loyd-pyramids-auglu-ar-zemenu-vanilas-garsu-40g\/","title":{"rendered":"T\u0113ja Loyd Pyramids aug\u013cu ar zeme\u0146u vani\u013cas gar\u0161u 40g"},"content":{"rendered":"","protected":false},"excerpt":{"rendered":"<p>74.75 \u20ac\/kg<\/p>\n","protected":false},"featured_media":1239092,"template":"","meta":{"_acf_changed":false,"inline_featured_image":false},"product_cat":[142,143],"product_tag":[],"acf":[],"aioseo_notices":[],"_links":{"self":[{"href":"https:\/\/ventspils.citro.lv\/ru\/wp-json\/wp\/v2\/product\/1228183"}],"collection":[{"href":"https:\/\/ventspils.citro.lv\/ru\/wp-json\/wp\/v2\/product"}],"about":[{"href":"https:\/\/ventspils.citro.lv\/ru\/wp-json\/wp\/v2\/types\/product"}],"wp:featuredmedia":[{"embeddable":true,"href":"https:\/\/ventspils.citro.lv\/ru\/wp-json\/wp\/v2\/media\/1239092"}],"wp:attachment":[{"href":"https:\/\/ventspils.citro.lv\/ru\/wp-json\/wp\/v2\/media?parent=1228183"}],"wp:term":[{"taxonomy":"product_cat","embeddable":true,"href":"https:\/\/ventspils.citro.lv\/ru\/wp-json\/wp\/v2\/product_cat?post=1228183"},{"taxonomy":"product_tag","embeddable":true,"href":"https:\/\/ventspils.citro.lv\/ru\/wp-json\/wp\/v2\/product_tag?post=1228183"}],"curies":[{"name":"wp","href":"https:\/\/api.w.org\/{rel}","templated":true}]}}