{"id":1228167,"date":"2026-05-04T00:57:03","date_gmt":"2026-05-03T21:57:03","guid":{"rendered":"https:\/\/ventspils.citro.lv\/veikals\/kirbis-sviesta-2sk-portugale\/"},"modified":"2026-05-04T00:57:10","modified_gmt":"2026-05-03T21:57:10","slug":"kirbis-sviesta-2sk-portugale","status":"publish","type":"product","link":"https:\/\/ventspils.citro.lv\/ru\/veikals\/kirbis-sviesta-2sk-portugale\/","title":{"rendered":"\u0136irbis sviesta  2\u0161\u0137.Portug\u0101le"},"content":{"rendered":"","protected":false},"excerpt":{"rendered":"<p>1.99 \u20ac\/kg<\/p>\n","protected":false},"featured_media":1255823,"template":"","meta":{"_acf_changed":false,"inline_featured_image":false},"product_cat":[97,99],"product_tag":[],"acf":[],"aioseo_notices":[],"_links":{"self":[{"href":"https:\/\/ventspils.citro.lv\/ru\/wp-json\/wp\/v2\/product\/1228167"}],"collection":[{"href":"https:\/\/ventspils.citro.lv\/ru\/wp-json\/wp\/v2\/product"}],"about":[{"href":"https:\/\/ventspils.citro.lv\/ru\/wp-json\/wp\/v2\/types\/product"}],"wp:featuredmedia":[{"embeddable":true,"href":"https:\/\/ventspils.citro.lv\/ru\/wp-json\/wp\/v2\/media\/1255823"}],"wp:attachment":[{"href":"https:\/\/ventspils.citro.lv\/ru\/wp-json\/wp\/v2\/media?parent=1228167"}],"wp:term":[{"taxonomy":"product_cat","embeddable":true,"href":"https:\/\/ventspils.citro.lv\/ru\/wp-json\/wp\/v2\/product_cat?post=1228167"},{"taxonomy":"product_tag","embeddable":true,"href":"https:\/\/ventspils.citro.lv\/ru\/wp-json\/wp\/v2\/product_tag?post=1228167"}],"curies":[{"name":"wp","href":"https:\/\/api.w.org\/{rel}","templated":true}]}}