{"id":1228161,"date":"2026-03-18T03:33:14","date_gmt":"2026-03-18T01:33:14","guid":{"rendered":"https:\/\/ventspils.citro.lv\/veikals\/paprika-salda-garena-bez-seklam-2-sk-spanija\/"},"modified":"2026-03-18T03:33:17","modified_gmt":"2026-03-18T01:33:17","slug":"paprika-salda-garena-bez-seklam-2-sk-spanija","status":"publish","type":"product","link":"https:\/\/ventspils.citro.lv\/ru\/veikals\/paprika-salda-garena-bez-seklam-2-sk-spanija\/","title":{"rendered":"Paprika sald\u0101, garen\u0101 bez s\u0113kl\u0101m 2.\u0161\u0137.Sp\u0101nija"},"content":{"rendered":"","protected":false},"excerpt":{"rendered":"<p>&nbsp;<\/p>\n","protected":false},"featured_media":0,"template":"","meta":{"_acf_changed":false,"inline_featured_image":false},"product_cat":[97,99],"product_tag":[],"acf":[],"aioseo_notices":[],"_links":{"self":[{"href":"https:\/\/ventspils.citro.lv\/ru\/wp-json\/wp\/v2\/product\/1228161"}],"collection":[{"href":"https:\/\/ventspils.citro.lv\/ru\/wp-json\/wp\/v2\/product"}],"about":[{"href":"https:\/\/ventspils.citro.lv\/ru\/wp-json\/wp\/v2\/types\/product"}],"wp:attachment":[{"href":"https:\/\/ventspils.citro.lv\/ru\/wp-json\/wp\/v2\/media?parent=1228161"}],"wp:term":[{"taxonomy":"product_cat","embeddable":true,"href":"https:\/\/ventspils.citro.lv\/ru\/wp-json\/wp\/v2\/product_cat?post=1228161"},{"taxonomy":"product_tag","embeddable":true,"href":"https:\/\/ventspils.citro.lv\/ru\/wp-json\/wp\/v2\/product_tag?post=1228161"}],"curies":[{"name":"wp","href":"https:\/\/api.w.org\/{rel}","templated":true}]}}