{"id":1228111,"date":"2026-04-03T00:57:16","date_gmt":"2026-04-02T21:57:16","guid":{"rendered":"https:\/\/ventspils.citro.lv\/veikals\/tomati-saule-kalteti-un-ella-gemoss-collection-295g-180g\/"},"modified":"2026-04-03T00:57:27","modified_gmt":"2026-04-02T21:57:27","slug":"tomati-saule-kalteti-un-ella-gemoss-collection-295g-180g","status":"publish","type":"product","link":"https:\/\/ventspils.citro.lv\/ru\/veikals\/tomati-saule-kalteti-un-ella-gemoss-collection-295g-180g\/","title":{"rendered":"Tom\u0101ti saul\u0113 kalt\u0113ti un e\u013c\u013c\u0101 Gemoss Collection 295g\/180g"},"content":{"rendered":"","protected":false},"excerpt":{"rendered":"<p>12.51 \u20ac\/l<\/p>\n","protected":false},"featured_media":1239379,"template":"","meta":{"_acf_changed":false,"inline_featured_image":false},"product_cat":[103,137],"product_tag":[],"acf":[],"aioseo_notices":[],"_links":{"self":[{"href":"https:\/\/ventspils.citro.lv\/ru\/wp-json\/wp\/v2\/product\/1228111"}],"collection":[{"href":"https:\/\/ventspils.citro.lv\/ru\/wp-json\/wp\/v2\/product"}],"about":[{"href":"https:\/\/ventspils.citro.lv\/ru\/wp-json\/wp\/v2\/types\/product"}],"wp:featuredmedia":[{"embeddable":true,"href":"https:\/\/ventspils.citro.lv\/ru\/wp-json\/wp\/v2\/media\/1239379"}],"wp:attachment":[{"href":"https:\/\/ventspils.citro.lv\/ru\/wp-json\/wp\/v2\/media?parent=1228111"}],"wp:term":[{"taxonomy":"product_cat","embeddable":true,"href":"https:\/\/ventspils.citro.lv\/ru\/wp-json\/wp\/v2\/product_cat?post=1228111"},{"taxonomy":"product_tag","embeddable":true,"href":"https:\/\/ventspils.citro.lv\/ru\/wp-json\/wp\/v2\/product_tag?post=1228111"}],"curies":[{"name":"wp","href":"https:\/\/api.w.org\/{rel}","templated":true}]}}