{"id":1228094,"date":"2026-05-14T01:45:57","date_gmt":"2026-05-13T22:45:57","guid":{"rendered":"https:\/\/ventspils.citro.lv\/veikals\/kolrabis-2-sk-1gb-italija\/"},"modified":"2026-05-14T01:46:01","modified_gmt":"2026-05-13T22:46:01","slug":"kolrabis-2-sk-1gb-italija","status":"publish","type":"product","link":"https:\/\/ventspils.citro.lv\/ru\/veikals\/kolrabis-2-sk-1gb-italija\/","title":{"rendered":"Kolr\u0101bis  2.\u0161\u0137. 1gb It\u0101lija"},"content":{"rendered":"","protected":false},"excerpt":{"rendered":"<p>1.09 \u20ac\/gb<\/p>\n","protected":false},"featured_media":1260496,"template":"","meta":{"_acf_changed":false,"inline_featured_image":false},"product_cat":[97,99],"product_tag":[],"acf":[],"aioseo_notices":[],"_links":{"self":[{"href":"https:\/\/ventspils.citro.lv\/ru\/wp-json\/wp\/v2\/product\/1228094"}],"collection":[{"href":"https:\/\/ventspils.citro.lv\/ru\/wp-json\/wp\/v2\/product"}],"about":[{"href":"https:\/\/ventspils.citro.lv\/ru\/wp-json\/wp\/v2\/types\/product"}],"wp:featuredmedia":[{"embeddable":true,"href":"https:\/\/ventspils.citro.lv\/ru\/wp-json\/wp\/v2\/media\/1260496"}],"wp:attachment":[{"href":"https:\/\/ventspils.citro.lv\/ru\/wp-json\/wp\/v2\/media?parent=1228094"}],"wp:term":[{"taxonomy":"product_cat","embeddable":true,"href":"https:\/\/ventspils.citro.lv\/ru\/wp-json\/wp\/v2\/product_cat?post=1228094"},{"taxonomy":"product_tag","embeddable":true,"href":"https:\/\/ventspils.citro.lv\/ru\/wp-json\/wp\/v2\/product_tag?post=1228094"}],"curies":[{"name":"wp","href":"https:\/\/api.w.org\/{rel}","templated":true}]}}