{"id":1228092,"date":"2026-04-10T05:06:59","date_gmt":"2026-04-10T02:06:59","guid":{"rendered":"https:\/\/ventspils.citro.lv\/veikals\/merce-rundale-cezara-360g\/"},"modified":"2026-04-10T05:07:08","modified_gmt":"2026-04-10T02:07:08","slug":"merce-rundale-cezara-360g","status":"publish","type":"product","link":"https:\/\/ventspils.citro.lv\/ru\/veikals\/merce-rundale-cezara-360g\/","title":{"rendered":"M\u0113rce Rund\u0101le C\u0113zara 360g"},"content":{"rendered":"","protected":false},"excerpt":{"rendered":"<p>7.75 \u20ac\/kg<\/p>\n","protected":false},"featured_media":1243015,"template":"","meta":{"_acf_changed":false,"inline_featured_image":false},"product_cat":[116,208],"product_tag":[],"acf":[],"aioseo_notices":[],"_links":{"self":[{"href":"https:\/\/ventspils.citro.lv\/ru\/wp-json\/wp\/v2\/product\/1228092"}],"collection":[{"href":"https:\/\/ventspils.citro.lv\/ru\/wp-json\/wp\/v2\/product"}],"about":[{"href":"https:\/\/ventspils.citro.lv\/ru\/wp-json\/wp\/v2\/types\/product"}],"wp:featuredmedia":[{"embeddable":true,"href":"https:\/\/ventspils.citro.lv\/ru\/wp-json\/wp\/v2\/media\/1243015"}],"wp:attachment":[{"href":"https:\/\/ventspils.citro.lv\/ru\/wp-json\/wp\/v2\/media?parent=1228092"}],"wp:term":[{"taxonomy":"product_cat","embeddable":true,"href":"https:\/\/ventspils.citro.lv\/ru\/wp-json\/wp\/v2\/product_cat?post=1228092"},{"taxonomy":"product_tag","embeddable":true,"href":"https:\/\/ventspils.citro.lv\/ru\/wp-json\/wp\/v2\/product_tag?post=1228092"}],"curies":[{"name":"wp","href":"https:\/\/api.w.org\/{rel}","templated":true}]}}