{"id":1228004,"date":"2026-03-28T01:27:40","date_gmt":"2026-03-27T23:27:40","guid":{"rendered":"https:\/\/ventspils.citro.lv\/veikals\/sokolade-schogetten-stracciatella-100g\/"},"modified":"2026-03-28T01:27:52","modified_gmt":"2026-03-27T23:27:52","slug":"sokolade-schogetten-stracciatella-100g","status":"publish","type":"product","link":"https:\/\/ventspils.citro.lv\/ru\/veikals\/sokolade-schogetten-stracciatella-100g\/","title":{"rendered":"\u0160okol\u0101de Schogetten stracciatella 100g"},"content":{"rendered":"<p>Cukurs, kakao sviests, kakao masa, V\u0100JPIENA pulveris, PILNPIENApulveris, kakao skaidi\u0146as, SALD\u0100 KR\u0112JUMA pulvieris, saldo S\u016aKALU pulveris,PIENA tauki, LAKTOZE, emulgatori (SOJAS lecit\u012bns), dab\u012bgs AROMATIZ\u0112TAJS(vanil\u012bns). Tum\u0161a \u0161okol\u0101de satur ne maz\u0101k k\u0101 50% kop\u0113j\u0101s kakao saus\u0101s masas.<\/p>\n","protected":false},"excerpt":{"rendered":"<p>21.90 \u20ac\/kg<\/p>\n","protected":false},"featured_media":1237225,"template":"","meta":{"_acf_changed":false,"inline_featured_image":false},"product_cat":[547,125],"product_tag":[],"acf":[],"aioseo_notices":[],"_links":{"self":[{"href":"https:\/\/ventspils.citro.lv\/ru\/wp-json\/wp\/v2\/product\/1228004"}],"collection":[{"href":"https:\/\/ventspils.citro.lv\/ru\/wp-json\/wp\/v2\/product"}],"about":[{"href":"https:\/\/ventspils.citro.lv\/ru\/wp-json\/wp\/v2\/types\/product"}],"wp:featuredmedia":[{"embeddable":true,"href":"https:\/\/ventspils.citro.lv\/ru\/wp-json\/wp\/v2\/media\/1237225"}],"wp:attachment":[{"href":"https:\/\/ventspils.citro.lv\/ru\/wp-json\/wp\/v2\/media?parent=1228004"}],"wp:term":[{"taxonomy":"product_cat","embeddable":true,"href":"https:\/\/ventspils.citro.lv\/ru\/wp-json\/wp\/v2\/product_cat?post=1228004"},{"taxonomy":"product_tag","embeddable":true,"href":"https:\/\/ventspils.citro.lv\/ru\/wp-json\/wp\/v2\/product_tag?post=1228004"}],"curies":[{"name":"wp","href":"https:\/\/api.w.org\/{rel}","templated":true}]}}