{"id":1227969,"date":"2026-04-30T01:43:02","date_gmt":"2026-04-29T22:43:02","guid":{"rendered":"https:\/\/ventspils.citro.lv\/veikals\/bumbieri-xenia-2sk-niderlande\/"},"modified":"2026-05-02T09:36:48","modified_gmt":"2026-05-02T06:36:48","slug":"bumbieri-xenia-2sk-niderlande","status":"publish","type":"product","link":"https:\/\/ventspils.citro.lv\/ru\/veikals\/bumbieri-xenia-2sk-niderlande\/","title":{"rendered":"Bumbieri Xenia  2\u0161\u0137.N\u012bderlande"},"content":{"rendered":"","protected":false},"excerpt":{"rendered":"<p>2.29 \u20ac\/kg<\/p>\n","protected":false},"featured_media":1254925,"template":"","meta":{"_acf_changed":false,"inline_featured_image":false},"product_cat":[97,98],"product_tag":[],"acf":[],"aioseo_notices":[],"_links":{"self":[{"href":"https:\/\/ventspils.citro.lv\/ru\/wp-json\/wp\/v2\/product\/1227969"}],"collection":[{"href":"https:\/\/ventspils.citro.lv\/ru\/wp-json\/wp\/v2\/product"}],"about":[{"href":"https:\/\/ventspils.citro.lv\/ru\/wp-json\/wp\/v2\/types\/product"}],"wp:featuredmedia":[{"embeddable":true,"href":"https:\/\/ventspils.citro.lv\/ru\/wp-json\/wp\/v2\/media\/1254925"}],"wp:attachment":[{"href":"https:\/\/ventspils.citro.lv\/ru\/wp-json\/wp\/v2\/media?parent=1227969"}],"wp:term":[{"taxonomy":"product_cat","embeddable":true,"href":"https:\/\/ventspils.citro.lv\/ru\/wp-json\/wp\/v2\/product_cat?post=1227969"},{"taxonomy":"product_tag","embeddable":true,"href":"https:\/\/ventspils.citro.lv\/ru\/wp-json\/wp\/v2\/product_tag?post=1227969"}],"curies":[{"name":"wp","href":"https:\/\/api.w.org\/{rel}","templated":true}]}}